{"id":9412,"date":"2020-07-03T00:41:07","date_gmt":"2020-07-03T00:41:07","guid":{"rendered":"https:\/\/connectbogota.org\/?page_id=9412"},"modified":"2020-08-25T14:39:37","modified_gmt":"2020-08-25T14:39:37","slug":"demoday-connect-grupo-exito","status":"publish","type":"page","link":"https:\/\/landing.connectbogota.org\/en\/demoday-connect-grupo-exito\/","title":{"rendered":"Demoday Connect Grupo \u00c9xito"},"content":{"rendered":"<div data-elementor-type=\"wp-page\" data-elementor-id=\"9412\" class=\"elementor elementor-9412\" data-elementor-post-type=\"page\">\n\t\t\t\t\t\t\t\t\t<section class=\"elementor-section elementor-top-section elementor-element elementor-element-090d9a7 elementor-section-boxed elementor-section-height-default elementor-section-height-default\" data-id=\"090d9a7\" data-element_type=\"section\">\n\t\t\t\t\t\t<div class=\"elementor-container elementor-column-gap-wider\">\n\t\t\t\t\t<div class=\"elementor-column elementor-col-100 elementor-top-column elementor-element elementor-element-7d505c7\" data-id=\"7d505c7\" data-element_type=\"column\">\n\t\t\t<div class=\"elementor-widget-wrap elementor-element-populated\">\n\t\t\t\t\t\t\t\t<div class=\"elementor-element elementor-element-2e70f2b elementor-widget elementor-widget-image\" data-id=\"2e70f2b\" data-element_type=\"widget\" data-widget_type=\"image.default\">\n\t\t\t\t<div class=\"elementor-widget-container\">\n\t\t\t\t\t\t\t\t\t\t\t\t\t\t\t<img decoding=\"async\" src=\"https:\/\/landing.connectbogota.org\/wp-content\/uploads\/elementor\/thumbs\/demo-banner-e1604593799691-oxz5tz91uiuiqp4o7zj2weymiv59ibkzurkx0x2p3o.png\" title=\"demo banner\" alt=\"demo banner\" loading=\"lazy\" \/>\t\t\t\t\t\t\t\t\t\t\t\t\t\t\t<\/div>\n\t\t\t\t<\/div>\n\t\t\t\t\t<\/div>\n\t\t<\/div>\n\t\t\t\t\t\t\t<\/div>\n\t\t<\/section>\n\t\t\t\t<section class=\"elementor-section elementor-top-section elementor-element elementor-element-fe785d6 elementor-section-boxed elementor-section-height-default elementor-section-height-default\" data-id=\"fe785d6\" data-element_type=\"section\">\n\t\t\t\t\t\t<div class=\"elementor-container elementor-column-gap-default\">\n\t\t\t\t\t<div class=\"elementor-column elementor-col-100 elementor-top-column elementor-element elementor-element-399dc05\" data-id=\"399dc05\" data-element_type=\"column\">\n\t\t\t<div class=\"elementor-widget-wrap elementor-element-populated\">\n\t\t\t\t\t\t\t\t<div class=\"elementor-element elementor-element-6f2d5f5 elementor-widget elementor-widget-spacer\" data-id=\"6f2d5f5\" data-element_type=\"widget\" data-widget_type=\"spacer.default\">\n\t\t\t\t<div class=\"elementor-widget-container\">\n\t\t\t\t\t<div class=\"elementor-spacer\">\n\t\t\t<div class=\"elementor-spacer-inner\"><\/div>\n\t\t<\/div>\n\t\t\t\t<\/div>\n\t\t\t\t<\/div>\n\t\t\t\t\t<\/div>\n\t\t<\/div>\n\t\t\t\t\t\t\t<\/div>\n\t\t<\/section>\n\t\t\t\t<section class=\"elementor-section elementor-top-section elementor-element elementor-element-c922d0b elementor-section-boxed elementor-section-height-default elementor-section-height-default\" data-id=\"c922d0b\" data-element_type=\"section\">\n\t\t\t\t\t\t<div class=\"elementor-container elementor-column-gap-default\">\n\t\t\t\t\t<div class=\"elementor-column elementor-col-50 elementor-top-column elementor-element elementor-element-f447d39\" data-id=\"f447d39\" data-element_type=\"column\">\n\t\t\t<div class=\"elementor-widget-wrap elementor-element-populated\">\n\t\t\t\t\t\t\t\t<div class=\"elementor-element elementor-element-019d76d elementor-widget elementor-widget-heading\" data-id=\"019d76d\" data-element_type=\"widget\" data-widget_type=\"heading.default\">\n\t\t\t\t<div class=\"elementor-widget-container\">\n\t\t\t<h5 class=\"elementor-heading-title elementor-size-medium\">Invitaci\u00f3n del Grupo \u00c9xito para que participes<\/h5>\t\t<\/div>\n\t\t\t\t<\/div>\n\t\t\t\t<div class=\"elementor-element elementor-element-d38615f elementor-widget elementor-widget-html\" data-id=\"d38615f\" data-element_type=\"widget\" data-widget_type=\"html.default\">\n\t\t\t\t<div class=\"elementor-widget-container\">\n\t\t\t<iframe loading=\"lazy\" width=\"500\" height=\"400\" src=\"https:\/\/www.youtube.com\/embed\/o2td_GeICDQ\" frameborder=\"0\" allow=\"accelerometer; autoplay; encrypted-media; gyroscope; picture-in-picture\" allowfullscreen><\/iframe>\t\t<\/div>\n\t\t\t\t<\/div>\n\t\t\t\t\t<\/div>\n\t\t<\/div>\n\t\t\t\t<div class=\"elementor-column elementor-col-50 elementor-top-column elementor-element elementor-element-d4c89bd\" data-id=\"d4c89bd\" data-element_type=\"column\">\n\t\t\t<div class=\"elementor-widget-wrap elementor-element-populated\">\n\t\t\t\t\t\t\t\t<div class=\"elementor-element elementor-element-77a768e elementor-widget elementor-widget-text-editor\" data-id=\"77a768e\" data-element_type=\"widget\" data-widget_type=\"text-editor.default\">\n\t\t\t\t<div class=\"elementor-widget-container\">\n\t\t\t\t\t\t\t<p><b style=\"font-family: inherit; font-style: inherit;\">\u00a0<\/b><\/p><p>\u00a0<\/p><p><b style=\"font-family: inherit; font-style: inherit;\">Grupo \u00c9xito<\/b><span style=\"font-size: 16px; font-weight: 400;\"> busca:<\/span><\/p><ul><li style=\"font-weight: 400;\"><span style=\"font-weight: 400;\">Productos y servicios que respondan a las necesidades del <\/span><b>\u201cnuevo\u201d consumo <\/b><span style=\"font-weight: 400;\">(saludable, en casa, consciente, eco amigable, entre otros) generando <\/span><b>experiencias diferenciadas<\/b><span style=\"font-weight: 400;\"> en tiendas y en casa a trav\u00e9s de la co-creaci\u00f3n y colaboraci\u00f3n.<\/span><\/li><\/ul><ul><li style=\"font-weight: 400;\"><span style=\"font-weight: 400;\">Nuevas herramientas que mejoren la<\/span><b> experiencia del cliente y de los colaboradores<\/b><span style=\"font-weight: 400;\"> en la omnicanalidad (nuevos canales, diferente interacci\u00f3n virtual y en tiendas).<\/span><\/li><\/ul><ul><li style=\"font-weight: 400;\"><b>Alternativas sostenibles de movilidad <\/b>individual como soluci\u00f3n para el cliente, para el colaborador y para el servicio de \u00faltima milla.\u00a0<\/li><\/ul><div>*<i>La empresa acepta un nivel de tecnolog\u00eda TRL a partir de TRL 4 en<br \/>adelante.\u00a0<\/i><\/div>\t\t\t\t\t\t<\/div>\n\t\t\t\t<\/div>\n\t\t\t\t\t<\/div>\n\t\t<\/div>\n\t\t\t\t\t\t\t<\/div>\n\t\t<\/section>\n\t\t\t\t<section class=\"elementor-section elementor-top-section elementor-element elementor-element-c5e905e elementor-section-boxed elementor-section-height-default elementor-section-height-default\" data-id=\"c5e905e\" data-element_type=\"section\">\n\t\t\t\t\t\t<div class=\"elementor-container elementor-column-gap-default\">\n\t\t\t\t\t<div class=\"elementor-column elementor-col-33 elementor-top-column elementor-element elementor-element-89e6f97\" data-id=\"89e6f97\" data-element_type=\"column\">\n\t\t\t<div class=\"elementor-widget-wrap elementor-element-populated\">\n\t\t\t\t\t\t\t\t<div class=\"elementor-element elementor-element-0d233c8 elementor-cta--skin-cover elementor-cta--valign-middle elementor-animated-content elementor-bg-transform elementor-bg-transform-zoom-in elementor-widget elementor-widget-call-to-action\" data-id=\"0d233c8\" data-element_type=\"widget\" data-widget_type=\"call-to-action.default\">\n\t\t\t\t<div class=\"elementor-widget-container\">\n\t\t\t\t\t<a class=\"elementor-cta\" href=\"https:\/\/connectbogota.org\/wp-content\/uploads\/2020\/08\/Criterios-de-postulacio\u0301n-Demo-Day-VF3.pdf\" target=\"_blank\">\n\t\t\t\t\t<div class=\"elementor-cta__bg-wrapper\">\n\t\t\t\t<div class=\"elementor-cta__bg elementor-bg\" style=\"background-image: url();\" role=\"img\" aria-label=\"\"><\/div>\n\t\t\t\t<div class=\"elementor-cta__bg-overlay\"><\/div>\n\t\t\t<\/div>\n\t\t\t\t\t\t\t<div class=\"elementor-cta__content\">\n\t\t\t\t\n\t\t\t\t\t\t\t\t\t<h2 class=\"elementor-cta__title elementor-cta__content-item elementor-content-item elementor-animated-item--grow\">\n\t\t\t\t\t\tConsulta los criterios de postulaci\u00f3n\t\t\t\t\t<\/h2>\n\t\t\t\t\n\t\t\t\t\n\t\t\t\t\t\t\t\t\t<div class=\"elementor-cta__button-wrapper elementor-cta__content-item elementor-content-item elementor-animated-item--grow\">\n\t\t\t\t\t<span class=\"elementor-cta__button elementor-button elementor-size-sm\">\n\t\t\t\t\t\tCLIC AC\u00c1\t\t\t\t\t<\/span>\n\t\t\t\t\t<\/div>\n\t\t\t\t\t\t\t<\/div>\n\t\t\t\t\t\t<\/a>\n\t\t\t\t<\/div>\n\t\t\t\t<\/div>\n\t\t\t\t\t<\/div>\n\t\t<\/div>\n\t\t\t\t<div class=\"elementor-column elementor-col-33 elementor-top-column elementor-element elementor-element-ffa32d4\" data-id=\"ffa32d4\" data-element_type=\"column\">\n\t\t\t<div class=\"elementor-widget-wrap elementor-element-populated\">\n\t\t\t\t\t\t\t\t<div class=\"elementor-element elementor-element-94f57da elementor-cta--skin-cover elementor-cta--valign-middle elementor-animated-content elementor-bg-transform elementor-bg-transform-zoom-in elementor-widget elementor-widget-call-to-action\" data-id=\"94f57da\" data-element_type=\"widget\" data-widget_type=\"call-to-action.default\">\n\t\t\t\t<div class=\"elementor-widget-container\">\n\t\t\t\t\t<a class=\"elementor-cta\" href=\"https:\/\/100os.app\/startup\/?eventcode=demoday_grupo_exito\" target=\"_blank\">\n\t\t\t\t\t<div class=\"elementor-cta__bg-wrapper\">\n\t\t\t\t<div class=\"elementor-cta__bg elementor-bg\" style=\"background-image: url();\" role=\"img\" aria-label=\"\"><\/div>\n\t\t\t\t<div class=\"elementor-cta__bg-overlay\"><\/div>\n\t\t\t<\/div>\n\t\t\t\t\t\t\t<div class=\"elementor-cta__content\">\n\t\t\t\t\n\t\t\t\t\t\t\t\t\t<h2 class=\"elementor-cta__title elementor-cta__content-item elementor-content-item elementor-animated-item--grow\">\n\t\t\t\t\t\tInscr\u00edbete como emprendedor\t\t\t\t\t<\/h2>\n\t\t\t\t\n\t\t\t\t\n\t\t\t\t\t\t\t\t\t<div class=\"elementor-cta__button-wrapper elementor-cta__content-item elementor-content-item elementor-animated-item--grow\">\n\t\t\t\t\t<span class=\"elementor-cta__button elementor-button elementor-size-sm\">\n\t\t\t\t\t\tCLIC AC\u00c1\t\t\t\t\t<\/span>\n\t\t\t\t\t<\/div>\n\t\t\t\t\t\t\t<\/div>\n\t\t\t\t\t\t<\/a>\n\t\t\t\t<\/div>\n\t\t\t\t<\/div>\n\t\t\t\t\t<\/div>\n\t\t<\/div>\n\t\t\t\t<div class=\"elementor-column elementor-col-33 elementor-top-column elementor-element elementor-element-e4eb431\" data-id=\"e4eb431\" data-element_type=\"column\">\n\t\t\t<div class=\"elementor-widget-wrap elementor-element-populated\">\n\t\t\t\t\t\t\t\t<div class=\"elementor-element elementor-element-2166e0a elementor-cta--skin-cover elementor-animated-content elementor-widget elementor-widget-call-to-action\" data-id=\"2166e0a\" data-element_type=\"widget\" data-widget_type=\"call-to-action.default\">\n\t\t\t\t<div class=\"elementor-widget-container\">\n\t\t\t\t\t<div class=\"elementor-cta\">\n\t\t\t\t\t<div class=\"elementor-cta__bg-wrapper\">\n\t\t\t\t<div class=\"elementor-cta__bg elementor-bg\" style=\"background-image: url();\" role=\"img\" aria-label=\"\"><\/div>\n\t\t\t\t<div class=\"elementor-cta__bg-overlay\"><\/div>\n\t\t\t<\/div>\n\t\t\t\t\t\t\t<div class=\"elementor-cta__content\">\n\t\t\t\t\n\t\t\t\t\t\t\t\t\t<h2 class=\"elementor-cta__title elementor-cta__content-item elementor-content-item elementor-animated-item--grow\">\n\t\t\t\t\t\tInscr\u00edbete como <br>investigador\t\t\t\t\t<\/h2>\n\t\t\t\t\n\t\t\t\t\t\t\t\t\t<div class=\"elementor-cta__description elementor-cta__content-item elementor-content-item elementor-animated-item--grow\">\n\t\t\t\t\t\tSolo de universidades miembro de la red\t\t\t\t\t<\/div>\n\t\t\t\t\n\t\t\t\t\t\t\t\t\t<div class=\"elementor-cta__button-wrapper elementor-cta__content-item elementor-content-item elementor-animated-item--grow\">\n\t\t\t\t\t<a class=\"elementor-cta__button elementor-button elementor-size-sm\" href=\"https:\/\/100os.app\/startup\/?eventcode=demoday_grupo_exito\" target=\"_blank\">\n\t\t\t\t\t\tCLIC AC\u00c1\t\t\t\t\t<\/a>\n\t\t\t\t\t<\/div>\n\t\t\t\t\t\t\t<\/div>\n\t\t\t\t\t\t<\/div>\n\t\t\t\t<\/div>\n\t\t\t\t<\/div>\n\t\t\t\t\t<\/div>\n\t\t<\/div>\n\t\t\t\t\t\t\t<\/div>\n\t\t<\/section>\n\t\t\t\t\t\t\t<\/div>","protected":false},"excerpt":{"rendered":"<p>Invitaci\u00f3n del Grupo \u00c9xito para que participes \u00a0 \u00a0 Grupo \u00c9xito busca: Productos y servicios que respondan a las necesidades del \u201cnuevo\u201d consumo (saludable, en casa, consciente, eco amigable, entre otros) generando experiencias diferenciadas en tiendas y en casa a trav\u00e9s de la co-creaci\u00f3n y colaboraci\u00f3n. Nuevas herramientas que mejoren la experiencia del cliente y [&hellip;]<\/p>","protected":false},"author":1,"featured_media":0,"parent":0,"menu_order":0,"comment_status":"closed","ping_status":"closed","template":"","meta":{"_monsterinsights_skip_tracking":false,"_monsterinsights_sitenote_active":false,"_monsterinsights_sitenote_note":"","_monsterinsights_sitenote_category":0,"footnotes":""},"tags":[],"yoast_head":"<!-- This site is optimized with the Yoast SEO plugin v14.4.1 - https:\/\/yoast.com\/wordpress\/plugins\/seo\/ -->\n<title>Demoday Connect Grupo \u00c9xito -<\/title>\n<meta name=\"robots\" content=\"index, follow\" \/>\n<meta name=\"googlebot\" content=\"index, follow, max-snippet:-1, max-image-preview:large, max-video-preview:-1\" \/>\n<meta name=\"bingbot\" content=\"index, follow, max-snippet:-1, max-image-preview:large, max-video-preview:-1\" \/>\n<link rel=\"canonical\" href=\"https:\/\/connectbogota.org\/demoday-connect-grupo-exito\/\" \/>\n<meta property=\"og:locale\" content=\"en_US\" \/>\n<meta property=\"og:type\" content=\"article\" \/>\n<meta property=\"og:title\" content=\"Demoday Connect Grupo \u00c9xito -\" \/>\n<meta property=\"og:url\" content=\"https:\/\/connectbogota.org\/demoday-connect-grupo-exito\/\" \/>\n<meta property=\"article:publisher\" content=\"https:\/\/www.facebook.com\/ConnectBogota\/\" \/>\n<meta property=\"article:author\" content=\"https:\/\/www.facebook.com\/ConnectBogota\" \/>\n<meta property=\"article:modified_time\" content=\"2020-08-25T14:39:37+00:00\" \/>\n<meta property=\"og:image\" content=\"https:\/\/connectbogota.org\/wp-content\/uploads\/elementor\/thumbs\/demo-banner-otrt4h9fdthskn15w22k1kg54gs1j4sax30g3hto5w.png\" \/>\n<meta name=\"twitter:card\" content=\"summary_large_image\" \/>\n<meta name=\"twitter:creator\" content=\"@ConnectBogota\" \/>\n<meta name=\"twitter:site\" content=\"@connectbogota\" \/>\n<script type=\"application\/ld+json\" class=\"yoast-schema-graph\">{\"@context\":\"https:\/\/schema.org\",\"@graph\":[{\"@type\":\"WebSite\",\"@id\":\"https:\/\/landing.connectbogota.org\/en\/#website\",\"url\":\"https:\/\/landing.connectbogota.org\/en\/\",\"name\":\"\",\"description\":\"\",\"potentialAction\":[{\"@type\":\"SearchAction\",\"target\":\"https:\/\/landing.connectbogota.org\/en\/?s={search_term_string}\",\"query-input\":\"required name=search_term_string\"}],\"inLanguage\":\"en-US\"},{\"@type\":\"ImageObject\",\"@id\":\"https:\/\/connectbogota.org\/demoday-connect-grupo-exito\/#primaryimage\",\"inLanguage\":\"en-US\",\"url\":\"https:\/\/connectbogota.org\/wp-content\/uploads\/elementor\/thumbs\/demo-banner-otrt4h9fdthskn15w22k1kg54gs1j4sax30g3hto5w.png\"},{\"@type\":\"WebPage\",\"@id\":\"https:\/\/connectbogota.org\/demoday-connect-grupo-exito\/#webpage\",\"url\":\"https:\/\/connectbogota.org\/demoday-connect-grupo-exito\/\",\"name\":\"Demoday Connect Grupo \\u00c9xito -\",\"isPartOf\":{\"@id\":\"https:\/\/landing.connectbogota.org\/en\/#website\"},\"primaryImageOfPage\":{\"@id\":\"https:\/\/connectbogota.org\/demoday-connect-grupo-exito\/#primaryimage\"},\"datePublished\":\"2020-07-03T00:41:07+00:00\",\"dateModified\":\"2020-08-25T14:39:37+00:00\",\"inLanguage\":\"en-US\",\"potentialAction\":[{\"@type\":\"ReadAction\",\"target\":[\"https:\/\/connectbogota.org\/demoday-connect-grupo-exito\/\"]}]}]}<\/script>\n<!-- \/ Yoast SEO plugin. -->","_links":{"self":[{"href":"https:\/\/landing.connectbogota.org\/en\/wp-json\/wp\/v2\/pages\/9412"}],"collection":[{"href":"https:\/\/landing.connectbogota.org\/en\/wp-json\/wp\/v2\/pages"}],"about":[{"href":"https:\/\/landing.connectbogota.org\/en\/wp-json\/wp\/v2\/types\/page"}],"author":[{"embeddable":true,"href":"https:\/\/landing.connectbogota.org\/en\/wp-json\/wp\/v2\/users\/1"}],"replies":[{"embeddable":true,"href":"https:\/\/landing.connectbogota.org\/en\/wp-json\/wp\/v2\/comments?post=9412"}],"version-history":[{"count":15,"href":"https:\/\/landing.connectbogota.org\/en\/wp-json\/wp\/v2\/pages\/9412\/revisions"}],"predecessor-version":[{"id":10278,"href":"https:\/\/landing.connectbogota.org\/en\/wp-json\/wp\/v2\/pages\/9412\/revisions\/10278"}],"wp:attachment":[{"href":"https:\/\/landing.connectbogota.org\/en\/wp-json\/wp\/v2\/media?parent=9412"}],"wp:term":[{"taxonomy":"post_tag","embeddable":true,"href":"https:\/\/landing.connectbogota.org\/en\/wp-json\/wp\/v2\/tags?post=9412"}],"curies":[{"name":"wp","href":"https:\/\/api.w.org\/{rel}","templated":true}]}}