{"id":15472,"date":"2023-09-14T20:32:11","date_gmt":"2023-09-15T01:32:11","guid":{"rendered":"https:\/\/landing.connectbogota.org\/?page_id=15472"},"modified":"2024-07-19T15:11:35","modified_gmt":"2024-07-19T20:11:35","slug":"emprende-con-ciencia","status":"publish","type":"page","link":"https:\/\/landing.connectbogota.org\/en\/emprende-con-ciencia\/","title":{"rendered":"Emprende con ciencia"},"content":{"rendered":"<div data-elementor-type=\"wp-page\" data-elementor-id=\"15472\" class=\"elementor elementor-15472\" data-elementor-post-type=\"page\">\n\t\t\t\t\t\t\t\t\t<section class=\"elementor-section elementor-top-section elementor-element elementor-element-37badef elementor-section-full_width elementor-section-height-default elementor-section-height-default\" data-id=\"37badef\" data-element_type=\"section\" data-settings=\"{&quot;background_background&quot;:&quot;classic&quot;}\">\n\t\t\t\t\t\t<div class=\"elementor-container elementor-column-gap-default\">\n\t\t\t\t\t<div class=\"elementor-column elementor-col-100 elementor-top-column elementor-element elementor-element-8339b0c\" data-id=\"8339b0c\" data-element_type=\"column\">\n\t\t\t<div class=\"elementor-widget-wrap elementor-element-populated\">\n\t\t\t\t\t\t\t\t<div class=\"elementor-element elementor-element-95aac19 elementor-widget elementor-widget-spacer\" data-id=\"95aac19\" data-element_type=\"widget\" data-widget_type=\"spacer.default\">\n\t\t\t\t<div class=\"elementor-widget-container\">\n\t\t\t\t\t<div class=\"elementor-spacer\">\n\t\t\t<div class=\"elementor-spacer-inner\"><\/div>\n\t\t<\/div>\n\t\t\t\t<\/div>\n\t\t\t\t<\/div>\n\t\t\t\t<div class=\"elementor-element elementor-element-53e8ab4 elementor-widget elementor-widget-spacer\" data-id=\"53e8ab4\" data-element_type=\"widget\" data-widget_type=\"spacer.default\">\n\t\t\t\t<div class=\"elementor-widget-container\">\n\t\t\t\t\t<div class=\"elementor-spacer\">\n\t\t\t<div class=\"elementor-spacer-inner\"><\/div>\n\t\t<\/div>\n\t\t\t\t<\/div>\n\t\t\t\t<\/div>\n\t\t\t\t\t<\/div>\n\t\t<\/div>\n\t\t\t\t\t\t\t<\/div>\n\t\t<\/section>\n\t\t\t\t<section class=\"elementor-section elementor-top-section elementor-element elementor-element-529dc12 elementor-section-boxed elementor-section-height-default elementor-section-height-default\" data-id=\"529dc12\" data-element_type=\"section\">\n\t\t\t\t\t\t<div class=\"elementor-container elementor-column-gap-default\">\n\t\t\t\t\t<div class=\"elementor-column elementor-col-100 elementor-top-column elementor-element elementor-element-25b4b01\" data-id=\"25b4b01\" data-element_type=\"column\">\n\t\t\t<div class=\"elementor-widget-wrap elementor-element-populated\">\n\t\t\t\t\t\t\t\t<div class=\"elementor-element elementor-element-da54ac6 elementor-widget elementor-widget-heading\" data-id=\"da54ac6\" data-element_type=\"widget\" data-widget_type=\"heading.default\">\n\t\t\t\t<div class=\"elementor-widget-container\">\n\t\t\t<h2 class=\"elementor-heading-title elementor-size-default\">\u00bfEn qu\u00e9 consiste? <\/h2>\t\t<\/div>\n\t\t\t\t<\/div>\n\t\t\t\t<div class=\"elementor-element elementor-element-6773c11 elementor-widget elementor-widget-text-editor\" data-id=\"6773c11\" data-element_type=\"widget\" data-widget_type=\"text-editor.default\">\n\t\t\t\t<div class=\"elementor-widget-container\">\n\t\t\t\t\t\t\t<p><span style=\"font-weight: 400;\">Buscamos propuestas de Emprendimiento de Base Tecnol\u00f3gica (EBT) con un nivel m\u00ednimo de desarrollo (TRL 6)\u00a0 las EBT\u00a0 seleccionadas recibir\u00e1n apoyo para fortalecer sus capacidades en aspectos legales, administrativos, comerciales y financieros,\u00a0 que permita la explotaci\u00f3n comercial del conocimiento, potencializando los activos de propiedad intelectual de empresas o instituciones de educaci\u00f3n superior, mediante un acompa\u00f1amiento especializado de acuerdo con el nivel de desarrollo de las tecnolog\u00edas, permiti\u00e9ndoles tener un acceso r\u00e1pido al mercado y crear estructuras empresariales s\u00f3lidas<\/span><\/p>\t\t\t\t\t\t<\/div>\n\t\t\t\t<\/div>\n\t\t\t\t<section class=\"elementor-section elementor-inner-section elementor-element elementor-element-f69f055 elementor-section-boxed elementor-section-height-default elementor-section-height-default\" data-id=\"f69f055\" data-element_type=\"section\">\n\t\t\t\t\t\t<div class=\"elementor-container elementor-column-gap-default\">\n\t\t\t\t\t<div class=\"elementor-column elementor-col-25 elementor-inner-column elementor-element elementor-element-17dfda9\" data-id=\"17dfda9\" data-element_type=\"column\">\n\t\t\t<div class=\"elementor-widget-wrap elementor-element-populated\">\n\t\t\t\t\t\t\t\t<div class=\"elementor-element elementor-element-5cc11d1 elementor-align-center elementor-widget elementor-widget-button\" data-id=\"5cc11d1\" data-element_type=\"widget\" data-widget_type=\"button.default\">\n\t\t\t\t<div class=\"elementor-widget-container\">\n\t\t\t\t\t<div class=\"elementor-button-wrapper\">\n\t\t\t<a class=\"elementor-button elementor-button-link elementor-size-sm\" href=\"https:\/\/landing.connectbogota.org\/wp-content\/uploads\/2023\/09\/TDR-P1.-Emprende-con-Ciencia.pdf\" target=\"_blank\">\n\t\t\t\t\t\t<span class=\"elementor-button-content-wrapper\">\n\t\t\t\t\t\t<span class=\"elementor-button-text\">Conoce los t\u00e9rminos de referencia<\/span>\n\t\t<\/span>\n\t\t\t\t\t<\/a>\n\t\t<\/div>\n\t\t\t\t<\/div>\n\t\t\t\t<\/div>\n\t\t\t\t\t<\/div>\n\t\t<\/div>\n\t\t\t\t<div class=\"elementor-column elementor-col-25 elementor-inner-column elementor-element elementor-element-b363650\" data-id=\"b363650\" data-element_type=\"column\">\n\t\t\t<div class=\"elementor-widget-wrap elementor-element-populated\">\n\t\t\t\t\t\t\t\t<div class=\"elementor-element elementor-element-a02c955 elementor-align-center elementor-widget elementor-widget-button\" data-id=\"a02c955\" data-element_type=\"widget\" data-widget_type=\"button.default\">\n\t\t\t\t<div class=\"elementor-widget-container\">\n\t\t\t\t\t<div class=\"elementor-button-wrapper\">\n\t\t\t<a class=\"elementor-button elementor-button-link elementor-size-sm\" href=\"https:\/\/landing.connectbogota.org\/wp-content\/uploads\/2023\/09\/Anexos-Emprende-con-Ciencia.doc\" target=\"_blank\">\n\t\t\t\t\t\t<span class=\"elementor-button-content-wrapper\">\n\t\t\t\t\t\t<span class=\"elementor-button-text\">Annexes <\/span>\n\t\t<\/span>\n\t\t\t\t\t<\/a>\n\t\t<\/div>\n\t\t\t\t<\/div>\n\t\t\t\t<\/div>\n\t\t\t\t\t<\/div>\n\t\t<\/div>\n\t\t\t\t<div class=\"elementor-column elementor-col-25 elementor-inner-column elementor-element elementor-element-9860247\" data-id=\"9860247\" data-element_type=\"column\">\n\t\t\t<div class=\"elementor-widget-wrap elementor-element-populated\">\n\t\t\t\t\t\t\t\t<div class=\"elementor-element elementor-element-b5a811f elementor-align-center elementor-widget elementor-widget-button\" data-id=\"b5a811f\" data-element_type=\"widget\" data-widget_type=\"button.default\">\n\t\t\t\t<div class=\"elementor-widget-container\">\n\t\t\t\t\t<div class=\"elementor-button-wrapper\">\n\t\t\t<a class=\"elementor-button elementor-button-link elementor-size-sm\" href=\"https:\/\/landing.connectbogota.org\/wp-content\/uploads\/2023\/11\/Adendas-1-2-y-3.pdf\" target=\"_blank\">\n\t\t\t\t\t\t<span class=\"elementor-button-content-wrapper\">\n\t\t\t\t\t\t<span class=\"elementor-button-text\">Addendum<\/span>\n\t\t<\/span>\n\t\t\t\t\t<\/a>\n\t\t<\/div>\n\t\t\t\t<\/div>\n\t\t\t\t<\/div>\n\t\t\t\t\t<\/div>\n\t\t<\/div>\n\t\t\t\t<div class=\"elementor-column elementor-col-25 elementor-inner-column elementor-element elementor-element-9269571\" data-id=\"9269571\" data-element_type=\"column\">\n\t\t\t<div class=\"elementor-widget-wrap elementor-element-populated\">\n\t\t\t\t\t\t\t\t<div class=\"elementor-element elementor-element-38e55ad elementor-align-center elementor-widget elementor-widget-button\" data-id=\"38e55ad\" data-element_type=\"widget\" data-widget_type=\"button.default\">\n\t\t\t\t<div class=\"elementor-widget-container\">\n\t\t\t\t\t<div class=\"elementor-button-wrapper\">\n\t\t\t<a class=\"elementor-button elementor-button-link elementor-size-sm\" href=\"https:\/\/landing.connectbogota.org\/wp-content\/uploads\/2024\/04\/EMPRENDE_CON_CIENCIA_SELECCIONADOS.pdf\" target=\"_blank\">\n\t\t\t\t\t\t<span class=\"elementor-button-content-wrapper\">\n\t\t\t\t\t\t<span class=\"elementor-button-text\">Seleccionados<\/span>\n\t\t<\/span>\n\t\t\t\t\t<\/a>\n\t\t<\/div>\n\t\t\t\t<\/div>\n\t\t\t\t<\/div>\n\t\t\t\t\t<\/div>\n\t\t<\/div>\n\t\t\t\t\t\t\t<\/div>\n\t\t<\/section>\n\t\t\t\t\t<\/div>\n\t\t<\/div>\n\t\t\t\t\t\t\t<\/div>\n\t\t<\/section>\n\t\t\t\t<section class=\"elementor-section elementor-top-section elementor-element elementor-element-1d4be6f elementor-section-boxed elementor-section-height-default elementor-section-height-default\" data-id=\"1d4be6f\" data-element_type=\"section\">\n\t\t\t\t\t\t<div class=\"elementor-container elementor-column-gap-default\">\n\t\t\t\t\t<div class=\"elementor-column elementor-col-50 elementor-top-column elementor-element elementor-element-a152701\" data-id=\"a152701\" data-element_type=\"column\" data-settings=\"{&quot;background_background&quot;:&quot;classic&quot;}\">\n\t\t\t<div class=\"elementor-widget-wrap elementor-element-populated\">\n\t\t\t\t\t\t\t\t<div class=\"elementor-element elementor-element-fc30aad elementor-widget elementor-widget-image\" data-id=\"fc30aad\" data-element_type=\"widget\" data-widget_type=\"image.default\">\n\t\t\t\t<div class=\"elementor-widget-container\">\n\t\t\t\t\t\t\t\t\t\t\t\t\t\t\t<img decoding=\"async\" loading=\"lazy\" width=\"489\" height=\"787\" src=\"https:\/\/landing.connectbogota.org\/wp-content\/uploads\/2023\/09\/Convocatoria-2-cuadro-1-1.jpg\" class=\"attachment-large size-large wp-image-15629\" alt=\"\" srcset=\"https:\/\/landing.connectbogota.org\/wp-content\/uploads\/2023\/09\/Convocatoria-2-cuadro-1-1.jpg 489w, https:\/\/landing.connectbogota.org\/wp-content\/uploads\/2023\/09\/Convocatoria-2-cuadro-1-1-186x300.jpg 186w, https:\/\/landing.connectbogota.org\/wp-content\/uploads\/2023\/09\/Convocatoria-2-cuadro-1-1-7x12.jpg 7w, https:\/\/landing.connectbogota.org\/wp-content\/uploads\/2023\/09\/Convocatoria-2-cuadro-1-1-15x24.jpg 15w, https:\/\/landing.connectbogota.org\/wp-content\/uploads\/2023\/09\/Convocatoria-2-cuadro-1-1-22x36.jpg 22w, https:\/\/landing.connectbogota.org\/wp-content\/uploads\/2023\/09\/Convocatoria-2-cuadro-1-1-30x48.jpg 30w\" sizes=\"(max-width: 489px) 100vw, 489px\" \/>\t\t\t\t\t\t\t\t\t\t\t\t\t\t\t<\/div>\n\t\t\t\t<\/div>\n\t\t\t\t\t<\/div>\n\t\t<\/div>\n\t\t\t\t<div class=\"elementor-column elementor-col-50 elementor-top-column elementor-element elementor-element-c1b5092\" data-id=\"c1b5092\" data-element_type=\"column\" data-settings=\"{&quot;background_background&quot;:&quot;classic&quot;}\">\n\t\t\t<div class=\"elementor-widget-wrap elementor-element-populated\">\n\t\t\t\t\t\t\t\t<div class=\"elementor-element elementor-element-8a98975 elementor-widget elementor-widget-image\" data-id=\"8a98975\" data-element_type=\"widget\" data-widget_type=\"image.default\">\n\t\t\t\t<div class=\"elementor-widget-container\">\n\t\t\t\t\t\t\t\t\t\t\t\t\t\t\t<img decoding=\"async\" loading=\"lazy\" width=\"711\" height=\"787\" src=\"https:\/\/landing.connectbogota.org\/wp-content\/uploads\/2023\/09\/Convocatoria-2-cuadro-2.jpg\" class=\"attachment-large size-large wp-image-15521\" alt=\"\" srcset=\"https:\/\/landing.connectbogota.org\/wp-content\/uploads\/2023\/09\/Convocatoria-2-cuadro-2.jpg 711w, https:\/\/landing.connectbogota.org\/wp-content\/uploads\/2023\/09\/Convocatoria-2-cuadro-2-271x300.jpg 271w, https:\/\/landing.connectbogota.org\/wp-content\/uploads\/2023\/09\/Convocatoria-2-cuadro-2-11x12.jpg 11w, https:\/\/landing.connectbogota.org\/wp-content\/uploads\/2023\/09\/Convocatoria-2-cuadro-2-22x24.jpg 22w, https:\/\/landing.connectbogota.org\/wp-content\/uploads\/2023\/09\/Convocatoria-2-cuadro-2-33x36.jpg 33w, https:\/\/landing.connectbogota.org\/wp-content\/uploads\/2023\/09\/Convocatoria-2-cuadro-2-43x48.jpg 43w\" sizes=\"(max-width: 711px) 100vw, 711px\" \/>\t\t\t\t\t\t\t\t\t\t\t\t\t\t\t<\/div>\n\t\t\t\t<\/div>\n\t\t\t\t\t<\/div>\n\t\t<\/div>\n\t\t\t\t\t\t\t<\/div>\n\t\t<\/section>\n\t\t\t\t<section class=\"elementor-section elementor-top-section elementor-element elementor-element-9f7849c elementor-section-boxed elementor-section-height-default elementor-section-height-default\" data-id=\"9f7849c\" data-element_type=\"section\" data-settings=\"{&quot;background_background&quot;:&quot;classic&quot;}\">\n\t\t\t\t\t\t<div class=\"elementor-container elementor-column-gap-custom\">\n\t\t\t\t\t<div class=\"elementor-column elementor-col-100 elementor-top-column elementor-element elementor-element-8bd0cce\" data-id=\"8bd0cce\" data-element_type=\"column\">\n\t\t\t<div class=\"elementor-widget-wrap elementor-element-populated\">\n\t\t\t\t\t\t\t\t<div class=\"elementor-element elementor-element-2b8145e elementor-widget elementor-widget-spacer\" data-id=\"2b8145e\" data-element_type=\"widget\" data-widget_type=\"spacer.default\">\n\t\t\t\t<div class=\"elementor-widget-container\">\n\t\t\t\t\t<div class=\"elementor-spacer\">\n\t\t\t<div class=\"elementor-spacer-inner\"><\/div>\n\t\t<\/div>\n\t\t\t\t<\/div>\n\t\t\t\t<\/div>\n\t\t\t\t<div class=\"elementor-element elementor-element-ceb34cc elementor-widget elementor-widget-image\" data-id=\"ceb34cc\" data-element_type=\"widget\" data-widget_type=\"image.default\">\n\t\t\t\t<div class=\"elementor-widget-container\">\n\t\t\t\t\t\t\t\t\t\t\t\t\t\t\t<img decoding=\"async\" loading=\"lazy\" width=\"1063\" height=\"249\" src=\"https:\/\/landing.connectbogota.org\/wp-content\/uploads\/2023\/11\/ampliacion-ciencia.png\" class=\"attachment-full size-full wp-image-16596\" alt=\"\" srcset=\"https:\/\/landing.connectbogota.org\/wp-content\/uploads\/2023\/11\/ampliacion-ciencia.png 1063w, https:\/\/landing.connectbogota.org\/wp-content\/uploads\/2023\/11\/ampliacion-ciencia-300x70.png 300w, https:\/\/landing.connectbogota.org\/wp-content\/uploads\/2023\/11\/ampliacion-ciencia-1024x240.png 1024w, https:\/\/landing.connectbogota.org\/wp-content\/uploads\/2023\/11\/ampliacion-ciencia-768x180.png 768w, https:\/\/landing.connectbogota.org\/wp-content\/uploads\/2023\/11\/ampliacion-ciencia-18x4.png 18w, https:\/\/landing.connectbogota.org\/wp-content\/uploads\/2023\/11\/ampliacion-ciencia-24x6.png 24w, https:\/\/landing.connectbogota.org\/wp-content\/uploads\/2023\/11\/ampliacion-ciencia-36x8.png 36w, https:\/\/landing.connectbogota.org\/wp-content\/uploads\/2023\/11\/ampliacion-ciencia-48x11.png 48w\" sizes=\"(max-width: 1063px) 100vw, 1063px\" \/>\t\t\t\t\t\t\t\t\t\t\t\t\t\t\t<\/div>\n\t\t\t\t<\/div>\n\t\t\t\t<div class=\"elementor-element elementor-element-1b0092d elementor-widget elementor-widget-spacer\" data-id=\"1b0092d\" data-element_type=\"widget\" data-widget_type=\"spacer.default\">\n\t\t\t\t<div class=\"elementor-widget-container\">\n\t\t\t\t\t<div class=\"elementor-spacer\">\n\t\t\t<div class=\"elementor-spacer-inner\"><\/div>\n\t\t<\/div>\n\t\t\t\t<\/div>\n\t\t\t\t<\/div>\n\t\t\t\t<section class=\"elementor-section elementor-inner-section elementor-element elementor-element-cda6a68 elementor-section-boxed elementor-section-height-default elementor-section-height-default\" data-id=\"cda6a68\" data-element_type=\"section\">\n\t\t\t\t\t\t<div class=\"elementor-container elementor-column-gap-default\">\n\t\t\t\t\t<div class=\"elementor-column elementor-col-50 elementor-inner-column elementor-element elementor-element-ce71300\" data-id=\"ce71300\" data-element_type=\"column\">\n\t\t\t<div class=\"elementor-widget-wrap elementor-element-populated\">\n\t\t\t\t\t\t\t\t<div class=\"elementor-element elementor-element-789a039 elementor-align-center elementor-widget elementor-widget-button\" data-id=\"789a039\" data-element_type=\"widget\" data-widget_type=\"button.default\">\n\t\t\t\t<div class=\"elementor-widget-container\">\n\t\t\t\t\t<div class=\"elementor-button-wrapper\">\n\t\t\t<a class=\"elementor-button elementor-button-link elementor-size-sm\" href=\"https:\/\/landing.connectbogota.org\/wp-content\/uploads\/2024\/04\/EMPRENDE_CON_CIENCIA_SELECCIONADOS.pdf\">\n\t\t\t\t\t\t<span class=\"elementor-button-content-wrapper\">\n\t\t\t\t\t\t<span class=\"elementor-button-text\">SELECCIONADOS<\/span>\n\t\t<\/span>\n\t\t\t\t\t<\/a>\n\t\t<\/div>\n\t\t\t\t<\/div>\n\t\t\t\t<\/div>\n\t\t\t\t\t<\/div>\n\t\t<\/div>\n\t\t\t\t<div class=\"elementor-column elementor-col-50 elementor-inner-column elementor-element elementor-element-6a037d5\" data-id=\"6a037d5\" data-element_type=\"column\">\n\t\t\t<div class=\"elementor-widget-wrap elementor-element-populated\">\n\t\t\t\t\t\t\t\t<div class=\"elementor-element elementor-element-0e0bf82 elementor-align-center elementor-widget elementor-widget-button\" data-id=\"0e0bf82\" data-element_type=\"widget\" data-widget_type=\"button.default\">\n\t\t\t\t<div class=\"elementor-widget-container\">\n\t\t\t\t\t<div class=\"elementor-button-wrapper\">\n\t\t\t<a class=\"elementor-button elementor-button-link elementor-size-sm\" href=\"https:\/\/landing.connectbogota.org\/wp-content\/uploads\/2023\/11\/Adendas-1-y-2-1.pdf\">\n\t\t\t\t\t\t<span class=\"elementor-button-content-wrapper\">\n\t\t\t\t\t\t<span class=\"elementor-button-text\">ADENDA<\/span>\n\t\t<\/span>\n\t\t\t\t\t<\/a>\n\t\t<\/div>\n\t\t\t\t<\/div>\n\t\t\t\t<\/div>\n\t\t\t\t\t<\/div>\n\t\t<\/div>\n\t\t\t\t\t\t\t<\/div>\n\t\t<\/section>\n\t\t\t\t\t<\/div>\n\t\t<\/div>\n\t\t\t\t\t\t\t<\/div>\n\t\t<\/section>\n\t\t\t\t\t\t\t<\/div>","protected":false},"excerpt":{"rendered":"<p>\u00bfEn qu\u00e9 consiste? Buscamos propuestas de Emprendimiento de Base Tecnol\u00f3gica (EBT) con un nivel m\u00ednimo de desarrollo (TRL 6)\u00a0 las EBT\u00a0 seleccionadas recibir\u00e1n apoyo para fortalecer sus capacidades en aspectos legales, administrativos, comerciales y financieros,\u00a0 que permita la explotaci\u00f3n comercial del conocimiento, potencializando los activos de propiedad intelectual de empresas o instituciones de educaci\u00f3n superior, [&hellip;]<\/p>","protected":false},"author":1,"featured_media":0,"parent":0,"menu_order":0,"comment_status":"closed","ping_status":"closed","template":"elementor_canvas","meta":{"_monsterinsights_skip_tracking":false,"_monsterinsights_sitenote_active":false,"_monsterinsights_sitenote_note":"","_monsterinsights_sitenote_category":0,"footnotes":""},"tags":[],"yoast_head":"<!-- This site is optimized with the Yoast SEO plugin v14.4.1 - https:\/\/yoast.com\/wordpress\/plugins\/seo\/ -->\n<title>Emprende con ciencia -<\/title>\n<meta name=\"robots\" content=\"index, follow\" \/>\n<meta name=\"googlebot\" content=\"index, follow, max-snippet:-1, max-image-preview:large, max-video-preview:-1\" \/>\n<meta name=\"bingbot\" content=\"index, follow, max-snippet:-1, max-image-preview:large, max-video-preview:-1\" \/>\n<link rel=\"canonical\" href=\"https:\/\/landing.connectbogota.org\/en\/emprende-con-ciencia\/\" \/>\n<meta property=\"og:locale\" content=\"en_US\" \/>\n<meta property=\"og:type\" content=\"article\" \/>\n<meta property=\"og:title\" content=\"Emprende con ciencia -\" \/>\n<meta property=\"og:url\" content=\"https:\/\/landing.connectbogota.org\/en\/emprende-con-ciencia\/\" \/>\n<meta property=\"article:publisher\" content=\"https:\/\/www.facebook.com\/ConnectBogota\/\" \/>\n<meta property=\"article:author\" content=\"https:\/\/www.facebook.com\/ConnectBogota\" \/>\n<meta property=\"article:modified_time\" content=\"2024-07-19T20:11:35+00:00\" \/>\n<meta property=\"og:image\" content=\"https:\/\/landing.connectbogota.org\/wp-content\/uploads\/2023\/09\/Convocatoria-2-cuadro-1-1.jpg\" \/>\n<meta name=\"twitter:card\" content=\"summary_large_image\" \/>\n<meta name=\"twitter:creator\" content=\"@ConnectBogota\" \/>\n<meta name=\"twitter:site\" content=\"@connectbogota\" \/>\n<script type=\"application\/ld+json\" class=\"yoast-schema-graph\">{\"@context\":\"https:\/\/schema.org\",\"@graph\":[{\"@type\":\"WebSite\",\"@id\":\"https:\/\/landing.connectbogota.org\/en\/#website\",\"url\":\"https:\/\/landing.connectbogota.org\/en\/\",\"name\":\"\",\"description\":\"\",\"potentialAction\":[{\"@type\":\"SearchAction\",\"target\":\"https:\/\/landing.connectbogota.org\/en\/?s={search_term_string}\",\"query-input\":\"required name=search_term_string\"}],\"inLanguage\":\"en-US\"},{\"@type\":\"ImageObject\",\"@id\":\"https:\/\/landing.connectbogota.org\/emprende-con-ciencia\/#primaryimage\",\"inLanguage\":\"en-US\",\"url\":\"https:\/\/landing.connectbogota.org\/wp-content\/uploads\/2023\/09\/Convocatoria-2-cuadro-1-1.jpg\",\"width\":489,\"height\":787},{\"@type\":\"WebPage\",\"@id\":\"https:\/\/landing.connectbogota.org\/emprende-con-ciencia\/#webpage\",\"url\":\"https:\/\/landing.connectbogota.org\/emprende-con-ciencia\/\",\"name\":\"Emprende con ciencia -\",\"isPartOf\":{\"@id\":\"https:\/\/landing.connectbogota.org\/en\/#website\"},\"primaryImageOfPage\":{\"@id\":\"https:\/\/landing.connectbogota.org\/emprende-con-ciencia\/#primaryimage\"},\"datePublished\":\"2023-09-15T01:32:11+00:00\",\"dateModified\":\"2024-07-19T20:11:35+00:00\",\"inLanguage\":\"en-US\",\"potentialAction\":[{\"@type\":\"ReadAction\",\"target\":[\"https:\/\/landing.connectbogota.org\/emprende-con-ciencia\/\"]}]}]}<\/script>\n<!-- \/ Yoast SEO plugin. -->","_links":{"self":[{"href":"https:\/\/landing.connectbogota.org\/en\/wp-json\/wp\/v2\/pages\/15472"}],"collection":[{"href":"https:\/\/landing.connectbogota.org\/en\/wp-json\/wp\/v2\/pages"}],"about":[{"href":"https:\/\/landing.connectbogota.org\/en\/wp-json\/wp\/v2\/types\/page"}],"author":[{"embeddable":true,"href":"https:\/\/landing.connectbogota.org\/en\/wp-json\/wp\/v2\/users\/1"}],"replies":[{"embeddable":true,"href":"https:\/\/landing.connectbogota.org\/en\/wp-json\/wp\/v2\/comments?post=15472"}],"version-history":[{"count":64,"href":"https:\/\/landing.connectbogota.org\/en\/wp-json\/wp\/v2\/pages\/15472\/revisions"}],"predecessor-version":[{"id":18477,"href":"https:\/\/landing.connectbogota.org\/en\/wp-json\/wp\/v2\/pages\/15472\/revisions\/18477"}],"wp:attachment":[{"href":"https:\/\/landing.connectbogota.org\/en\/wp-json\/wp\/v2\/media?parent=15472"}],"wp:term":[{"taxonomy":"post_tag","embeddable":true,"href":"https:\/\/landing.connectbogota.org\/en\/wp-json\/wp\/v2\/tags?post=15472"}],"curies":[{"name":"wp","href":"https:\/\/api.w.org\/{rel}","templated":true}]}}