{"id":15457,"date":"2023-09-14T19:49:14","date_gmt":"2023-09-15T00:49:14","guid":{"rendered":"https:\/\/landing.connectbogota.org\/?page_id=15457"},"modified":"2024-07-19T15:07:04","modified_gmt":"2024-07-19T20:07:04","slug":"futuros-emprededores","status":"publish","type":"page","link":"https:\/\/landing.connectbogota.org\/en\/futuros-emprededores\/","title":{"rendered":"Futuros emprededores"},"content":{"rendered":"<div data-elementor-type=\"wp-page\" data-elementor-id=\"15457\" class=\"elementor elementor-15457\" data-elementor-post-type=\"page\">\n\t\t\t\t\t\t\t\t\t<section class=\"elementor-section elementor-top-section elementor-element elementor-element-37badef elementor-section-full_width elementor-section-height-default elementor-section-height-default\" data-id=\"37badef\" data-element_type=\"section\" data-settings=\"{&quot;background_background&quot;:&quot;classic&quot;}\">\n\t\t\t\t\t\t<div class=\"elementor-container elementor-column-gap-default\">\n\t\t\t\t\t<div class=\"elementor-column elementor-col-100 elementor-top-column elementor-element elementor-element-8339b0c\" data-id=\"8339b0c\" data-element_type=\"column\">\n\t\t\t<div class=\"elementor-widget-wrap elementor-element-populated\">\n\t\t\t\t\t\t\t\t<div class=\"elementor-element elementor-element-95aac19 elementor-widget elementor-widget-spacer\" data-id=\"95aac19\" data-element_type=\"widget\" data-widget_type=\"spacer.default\">\n\t\t\t\t<div class=\"elementor-widget-container\">\n\t\t\t\t\t<div class=\"elementor-spacer\">\n\t\t\t<div class=\"elementor-spacer-inner\"><\/div>\n\t\t<\/div>\n\t\t\t\t<\/div>\n\t\t\t\t<\/div>\n\t\t\t\t<div class=\"elementor-element elementor-element-53e8ab4 elementor-widget elementor-widget-spacer\" data-id=\"53e8ab4\" data-element_type=\"widget\" data-widget_type=\"spacer.default\">\n\t\t\t\t<div class=\"elementor-widget-container\">\n\t\t\t\t\t<div class=\"elementor-spacer\">\n\t\t\t<div class=\"elementor-spacer-inner\"><\/div>\n\t\t<\/div>\n\t\t\t\t<\/div>\n\t\t\t\t<\/div>\n\t\t\t\t\t<\/div>\n\t\t<\/div>\n\t\t\t\t\t\t\t<\/div>\n\t\t<\/section>\n\t\t\t\t<section class=\"elementor-section elementor-top-section elementor-element elementor-element-529dc12 elementor-section-boxed elementor-section-height-default elementor-section-height-default\" data-id=\"529dc12\" data-element_type=\"section\">\n\t\t\t\t\t\t<div class=\"elementor-container elementor-column-gap-default\">\n\t\t\t\t\t<div class=\"elementor-column elementor-col-100 elementor-top-column elementor-element elementor-element-25b4b01\" data-id=\"25b4b01\" data-element_type=\"column\">\n\t\t\t<div class=\"elementor-widget-wrap elementor-element-populated\">\n\t\t\t\t\t\t\t\t<div class=\"elementor-element elementor-element-da54ac6 elementor-widget elementor-widget-heading\" data-id=\"da54ac6\" data-element_type=\"widget\" data-widget_type=\"heading.default\">\n\t\t\t\t<div class=\"elementor-widget-container\">\n\t\t\t<h2 class=\"elementor-heading-title elementor-size-default\">\u00bfEn qu\u00e9 consiste? <\/h2>\t\t<\/div>\n\t\t\t\t<\/div>\n\t\t\t\t<div class=\"elementor-element elementor-element-6773c11 elementor-widget elementor-widget-text-editor\" data-id=\"6773c11\" data-element_type=\"widget\" data-widget_type=\"text-editor.default\">\n\t\t\t\t<div class=\"elementor-widget-container\">\n\t\t\t\t\t\t\t<p>Buscamos seleccionar al menos cien (100) emprendimientos\u00a0 de base tecnologica juveniles en todo el pa\u00eds. Estos emprendimientos basados en innovaci\u00f3n o tecnolog\u00eda hacen parte de por lo menos treinta (30) Instituciones Educativas oficiales del pa\u00eds. Cada uno de los cien (100) equipos emprendedores estar\u00e1n conformados por un (1) docente y de dos (2) a tres (3) estudiantes de grados octavo a d\u00e9cimo. El programa tiene como objetivo brindar las herramientas necesarias para que los estudiantes desarrollen una mentalidad emprendedora y gestionen con \u00e9xito Emprendimientos de Base Tecnol\u00f3gica (EBT) juvenil, con el fin de impulsar el desarrollo econ\u00f3mico y social del pa\u00eds.<\/p>\t\t\t\t\t\t<\/div>\n\t\t\t\t<\/div>\n\t\t\t\t<section class=\"elementor-section elementor-inner-section elementor-element elementor-element-4e37daf elementor-section-boxed elementor-section-height-default elementor-section-height-default\" data-id=\"4e37daf\" data-element_type=\"section\">\n\t\t\t\t\t\t<div class=\"elementor-container elementor-column-gap-default\">\n\t\t\t\t\t<div class=\"elementor-column elementor-col-25 elementor-inner-column elementor-element elementor-element-9fb0962\" data-id=\"9fb0962\" data-element_type=\"column\">\n\t\t\t<div class=\"elementor-widget-wrap elementor-element-populated\">\n\t\t\t\t\t\t\t\t<div class=\"elementor-element elementor-element-5cc11d1 elementor-align-center elementor-widget elementor-widget-button\" data-id=\"5cc11d1\" data-element_type=\"widget\" data-widget_type=\"button.default\">\n\t\t\t\t<div class=\"elementor-widget-container\">\n\t\t\t\t\t<div class=\"elementor-button-wrapper\">\n\t\t\t<a class=\"elementor-button elementor-button-link elementor-size-sm\" href=\"https:\/\/landing.connectbogota.org\/wp-content\/uploads\/2023\/09\/TDR-P2.-Futuros-Emprendedores.pdf\" target=\"_blank\">\n\t\t\t\t\t\t<span class=\"elementor-button-content-wrapper\">\n\t\t\t\t\t\t<span class=\"elementor-button-text\">Conoce los t\u00e9rminos de referencia<\/span>\n\t\t<\/span>\n\t\t\t\t\t<\/a>\n\t\t<\/div>\n\t\t\t\t<\/div>\n\t\t\t\t<\/div>\n\t\t\t\t\t<\/div>\n\t\t<\/div>\n\t\t\t\t<div class=\"elementor-column elementor-col-25 elementor-inner-column elementor-element elementor-element-2a85c77\" data-id=\"2a85c77\" data-element_type=\"column\">\n\t\t\t<div class=\"elementor-widget-wrap elementor-element-populated\">\n\t\t\t\t\t\t\t\t<div class=\"elementor-element elementor-element-0ffe867 elementor-align-center elementor-widget elementor-widget-button\" data-id=\"0ffe867\" data-element_type=\"widget\" data-widget_type=\"button.default\">\n\t\t\t\t<div class=\"elementor-widget-container\">\n\t\t\t\t\t<div class=\"elementor-button-wrapper\">\n\t\t\t<a class=\"elementor-button elementor-button-link elementor-size-sm\" href=\"https:\/\/landing.connectbogota.org\/wp-content\/uploads\/2023\/11\/Anexos-Futuros-Emprendedores-Adendados-1.doc\" target=\"_blank\">\n\t\t\t\t\t\t<span class=\"elementor-button-content-wrapper\">\n\t\t\t\t\t\t<span class=\"elementor-button-text\">Annexes<\/span>\n\t\t<\/span>\n\t\t\t\t\t<\/a>\n\t\t<\/div>\n\t\t\t\t<\/div>\n\t\t\t\t<\/div>\n\t\t\t\t\t<\/div>\n\t\t<\/div>\n\t\t\t\t<div class=\"elementor-column elementor-col-25 elementor-inner-column elementor-element elementor-element-c08d3e0\" data-id=\"c08d3e0\" data-element_type=\"column\">\n\t\t\t<div class=\"elementor-widget-wrap elementor-element-populated\">\n\t\t\t\t\t\t\t\t<div class=\"elementor-element elementor-element-eadcfb1 elementor-align-center elementor-widget elementor-widget-button\" data-id=\"eadcfb1\" data-element_type=\"widget\" data-widget_type=\"button.default\">\n\t\t\t\t<div class=\"elementor-widget-container\">\n\t\t\t\t\t<div class=\"elementor-button-wrapper\">\n\t\t\t<a class=\"elementor-button elementor-button-link elementor-size-sm\" href=\"https:\/\/landing.connectbogota.org\/wp-content\/uploads\/2024\/03\/FUTUROS_EMPRENDEDORES_SELECCIONADOS.pdf\" target=\"_blank\">\n\t\t\t\t\t\t<span class=\"elementor-button-content-wrapper\">\n\t\t\t\t\t\t<span class=\"elementor-button-text\">Seleccionados<\/span>\n\t\t<\/span>\n\t\t\t\t\t<\/a>\n\t\t<\/div>\n\t\t\t\t<\/div>\n\t\t\t\t<\/div>\n\t\t\t\t\t<\/div>\n\t\t<\/div>\n\t\t\t\t<div class=\"elementor-column elementor-col-25 elementor-inner-column elementor-element elementor-element-f233f6b\" data-id=\"f233f6b\" data-element_type=\"column\">\n\t\t\t<div class=\"elementor-widget-wrap elementor-element-populated\">\n\t\t\t\t\t\t\t\t<div class=\"elementor-element elementor-element-e51f23f elementor-align-center elementor-widget elementor-widget-button\" data-id=\"e51f23f\" data-element_type=\"widget\" data-widget_type=\"button.default\">\n\t\t\t\t<div class=\"elementor-widget-container\">\n\t\t\t\t\t<div class=\"elementor-button-wrapper\">\n\t\t\t<a class=\"elementor-button elementor-button-link elementor-size-sm\" href=\"https:\/\/landing.connectbogota.org\/wp-content\/uploads\/2023\/11\/Adendas-1-2-y-3.pdf\">\n\t\t\t\t\t\t<span class=\"elementor-button-content-wrapper\">\n\t\t\t\t\t\t<span class=\"elementor-button-text\">Addendum <\/span>\n\t\t<\/span>\n\t\t\t\t\t<\/a>\n\t\t<\/div>\n\t\t\t\t<\/div>\n\t\t\t\t<\/div>\n\t\t\t\t\t<\/div>\n\t\t<\/div>\n\t\t\t\t\t\t\t<\/div>\n\t\t<\/section>\n\t\t\t\t\t<\/div>\n\t\t<\/div>\n\t\t\t\t\t\t\t<\/div>\n\t\t<\/section>\n\t\t\t\t<section class=\"elementor-section elementor-top-section elementor-element elementor-element-1d4be6f elementor-section-boxed elementor-section-height-default elementor-section-height-default\" data-id=\"1d4be6f\" data-element_type=\"section\">\n\t\t\t\t\t\t<div class=\"elementor-container elementor-column-gap-default\">\n\t\t\t\t\t<div class=\"elementor-column elementor-col-50 elementor-top-column elementor-element elementor-element-a152701\" data-id=\"a152701\" data-element_type=\"column\" data-settings=\"{&quot;background_background&quot;:&quot;classic&quot;}\">\n\t\t\t<div class=\"elementor-widget-wrap elementor-element-populated\">\n\t\t\t\t\t\t\t\t<div class=\"elementor-element elementor-element-fc30aad elementor-widget elementor-widget-image\" data-id=\"fc30aad\" data-element_type=\"widget\" data-widget_type=\"image.default\">\n\t\t\t\t<div class=\"elementor-widget-container\">\n\t\t\t\t\t\t\t\t\t\t\t\t\t\t\t<img decoding=\"async\" loading=\"lazy\" width=\"489\" height=\"910\" src=\"https:\/\/landing.connectbogota.org\/wp-content\/uploads\/2023\/09\/Convocatoria-3-cuadro-1.jpg\" class=\"attachment-large size-large wp-image-15516\" alt=\"\" srcset=\"https:\/\/landing.connectbogota.org\/wp-content\/uploads\/2023\/09\/Convocatoria-3-cuadro-1.jpg 489w, https:\/\/landing.connectbogota.org\/wp-content\/uploads\/2023\/09\/Convocatoria-3-cuadro-1-161x300.jpg 161w, https:\/\/landing.connectbogota.org\/wp-content\/uploads\/2023\/09\/Convocatoria-3-cuadro-1-6x12.jpg 6w, https:\/\/landing.connectbogota.org\/wp-content\/uploads\/2023\/09\/Convocatoria-3-cuadro-1-13x24.jpg 13w, https:\/\/landing.connectbogota.org\/wp-content\/uploads\/2023\/09\/Convocatoria-3-cuadro-1-19x36.jpg 19w, https:\/\/landing.connectbogota.org\/wp-content\/uploads\/2023\/09\/Convocatoria-3-cuadro-1-26x48.jpg 26w\" sizes=\"(max-width: 489px) 100vw, 489px\" \/>\t\t\t\t\t\t\t\t\t\t\t\t\t\t\t<\/div>\n\t\t\t\t<\/div>\n\t\t\t\t\t<\/div>\n\t\t<\/div>\n\t\t\t\t<div class=\"elementor-column elementor-col-50 elementor-top-column elementor-element elementor-element-c1b5092\" data-id=\"c1b5092\" data-element_type=\"column\" data-settings=\"{&quot;background_background&quot;:&quot;classic&quot;}\">\n\t\t\t<div class=\"elementor-widget-wrap elementor-element-populated\">\n\t\t\t\t\t\t\t\t<div class=\"elementor-element elementor-element-8a98975 elementor-widget elementor-widget-image\" data-id=\"8a98975\" data-element_type=\"widget\" data-widget_type=\"image.default\">\n\t\t\t\t<div class=\"elementor-widget-container\">\n\t\t\t\t\t\t\t\t\t\t\t\t\t\t\t<img decoding=\"async\" loading=\"lazy\" width=\"711\" height=\"910\" src=\"https:\/\/landing.connectbogota.org\/wp-content\/uploads\/2023\/10\/Cuadro2-convocatoria-3.jpg\" class=\"attachment-large size-large wp-image-15917\" alt=\"\" srcset=\"https:\/\/landing.connectbogota.org\/wp-content\/uploads\/2023\/10\/Cuadro2-convocatoria-3.jpg 711w, https:\/\/landing.connectbogota.org\/wp-content\/uploads\/2023\/10\/Cuadro2-convocatoria-3-234x300.jpg 234w, https:\/\/landing.connectbogota.org\/wp-content\/uploads\/2023\/10\/Cuadro2-convocatoria-3-9x12.jpg 9w, https:\/\/landing.connectbogota.org\/wp-content\/uploads\/2023\/10\/Cuadro2-convocatoria-3-19x24.jpg 19w, https:\/\/landing.connectbogota.org\/wp-content\/uploads\/2023\/10\/Cuadro2-convocatoria-3-28x36.jpg 28w, https:\/\/landing.connectbogota.org\/wp-content\/uploads\/2023\/10\/Cuadro2-convocatoria-3-38x48.jpg 38w\" sizes=\"(max-width: 711px) 100vw, 711px\" \/>\t\t\t\t\t\t\t\t\t\t\t\t\t\t\t<\/div>\n\t\t\t\t<\/div>\n\t\t\t\t\t<\/div>\n\t\t<\/div>\n\t\t\t\t\t\t\t<\/div>\n\t\t<\/section>\n\t\t\t\t<section class=\"elementor-section elementor-top-section elementor-element elementor-element-9f7849c elementor-section-boxed elementor-section-height-default elementor-section-height-default\" data-id=\"9f7849c\" data-element_type=\"section\" data-settings=\"{&quot;background_background&quot;:&quot;classic&quot;}\">\n\t\t\t\t\t\t<div class=\"elementor-container elementor-column-gap-custom\">\n\t\t\t\t\t<div class=\"elementor-column elementor-col-100 elementor-top-column elementor-element elementor-element-8bd0cce\" data-id=\"8bd0cce\" data-element_type=\"column\">\n\t\t\t<div class=\"elementor-widget-wrap elementor-element-populated\">\n\t\t\t\t\t\t\t\t<div class=\"elementor-element elementor-element-2b8145e elementor-widget elementor-widget-spacer\" data-id=\"2b8145e\" data-element_type=\"widget\" data-widget_type=\"spacer.default\">\n\t\t\t\t<div class=\"elementor-widget-container\">\n\t\t\t\t\t<div class=\"elementor-spacer\">\n\t\t\t<div class=\"elementor-spacer-inner\"><\/div>\n\t\t<\/div>\n\t\t\t\t<\/div>\n\t\t\t\t<\/div>\n\t\t\t\t<div class=\"elementor-element elementor-element-ceb34cc elementor-widget elementor-widget-image\" data-id=\"ceb34cc\" data-element_type=\"widget\" data-widget_type=\"image.default\">\n\t\t\t\t<div class=\"elementor-widget-container\">\n\t\t\t\t\t\t\t\t\t\t\t\t\t\t\t<img decoding=\"async\" loading=\"lazy\" width=\"1063\" height=\"249\" src=\"https:\/\/landing.connectbogota.org\/wp-content\/uploads\/2023\/11\/ampliacion-futuros.png\" class=\"attachment-full size-full wp-image-16604\" alt=\"\" srcset=\"https:\/\/landing.connectbogota.org\/wp-content\/uploads\/2023\/11\/ampliacion-futuros.png 1063w, https:\/\/landing.connectbogota.org\/wp-content\/uploads\/2023\/11\/ampliacion-futuros-300x70.png 300w, https:\/\/landing.connectbogota.org\/wp-content\/uploads\/2023\/11\/ampliacion-futuros-1024x240.png 1024w, https:\/\/landing.connectbogota.org\/wp-content\/uploads\/2023\/11\/ampliacion-futuros-768x180.png 768w, https:\/\/landing.connectbogota.org\/wp-content\/uploads\/2023\/11\/ampliacion-futuros-18x4.png 18w, https:\/\/landing.connectbogota.org\/wp-content\/uploads\/2023\/11\/ampliacion-futuros-24x6.png 24w, https:\/\/landing.connectbogota.org\/wp-content\/uploads\/2023\/11\/ampliacion-futuros-36x8.png 36w, https:\/\/landing.connectbogota.org\/wp-content\/uploads\/2023\/11\/ampliacion-futuros-48x11.png 48w\" sizes=\"(max-width: 1063px) 100vw, 1063px\" \/>\t\t\t\t\t\t\t\t\t\t\t\t\t\t\t<\/div>\n\t\t\t\t<\/div>\n\t\t\t\t<div class=\"elementor-element elementor-element-1b0092d elementor-widget elementor-widget-spacer\" data-id=\"1b0092d\" data-element_type=\"widget\" data-widget_type=\"spacer.default\">\n\t\t\t\t<div class=\"elementor-widget-container\">\n\t\t\t\t\t<div class=\"elementor-spacer\">\n\t\t\t<div class=\"elementor-spacer-inner\"><\/div>\n\t\t<\/div>\n\t\t\t\t<\/div>\n\t\t\t\t<\/div>\n\t\t\t\t<section class=\"elementor-section elementor-inner-section elementor-element elementor-element-dbfc67f elementor-section-boxed elementor-section-height-default elementor-section-height-default\" data-id=\"dbfc67f\" data-element_type=\"section\">\n\t\t\t\t\t\t<div class=\"elementor-container elementor-column-gap-default\">\n\t\t\t\t\t<div class=\"elementor-column elementor-col-50 elementor-inner-column elementor-element elementor-element-96dbe01\" data-id=\"96dbe01\" data-element_type=\"column\">\n\t\t\t<div class=\"elementor-widget-wrap elementor-element-populated\">\n\t\t\t\t\t\t\t\t<div class=\"elementor-element elementor-element-0ce670a elementor-align-center elementor-widget elementor-widget-button\" data-id=\"0ce670a\" data-element_type=\"widget\" data-widget_type=\"button.default\">\n\t\t\t\t<div class=\"elementor-widget-container\">\n\t\t\t\t\t<div class=\"elementor-button-wrapper\">\n\t\t\t<a class=\"elementor-button elementor-size-sm\" role=\"button\">\n\t\t\t\t\t\t<span class=\"elementor-button-content-wrapper\">\n\t\t\t\t\t\t<span class=\"elementor-button-text\">SELECCIONADOS<\/span>\n\t\t<\/span>\n\t\t\t\t\t<\/a>\n\t\t<\/div>\n\t\t\t\t<\/div>\n\t\t\t\t<\/div>\n\t\t\t\t\t<\/div>\n\t\t<\/div>\n\t\t\t\t<div class=\"elementor-column elementor-col-50 elementor-inner-column elementor-element elementor-element-9ed48ca\" data-id=\"9ed48ca\" data-element_type=\"column\">\n\t\t\t<div class=\"elementor-widget-wrap elementor-element-populated\">\n\t\t\t\t\t\t\t\t<div class=\"elementor-element elementor-element-62e8d5a elementor-align-center elementor-widget elementor-widget-button\" data-id=\"62e8d5a\" data-element_type=\"widget\" data-widget_type=\"button.default\">\n\t\t\t\t<div class=\"elementor-widget-container\">\n\t\t\t\t\t<div class=\"elementor-button-wrapper\">\n\t\t\t<a class=\"elementor-button elementor-button-link elementor-size-sm\" href=\"https:\/\/landing.connectbogota.org\/wp-content\/uploads\/2023\/11\/Adendas-1-2-y-3.pdf\">\n\t\t\t\t\t\t<span class=\"elementor-button-content-wrapper\">\n\t\t\t\t\t\t<span class=\"elementor-button-text\">ADENDA<\/span>\n\t\t<\/span>\n\t\t\t\t\t<\/a>\n\t\t<\/div>\n\t\t\t\t<\/div>\n\t\t\t\t<\/div>\n\t\t\t\t\t<\/div>\n\t\t<\/div>\n\t\t\t\t\t\t\t<\/div>\n\t\t<\/section>\n\t\t\t\t\t<\/div>\n\t\t<\/div>\n\t\t\t\t\t\t\t<\/div>\n\t\t<\/section>\n\t\t\t\t\t\t\t<\/div>","protected":false},"excerpt":{"rendered":"<p>\u00bfEn qu\u00e9 consiste? Buscamos seleccionar al menos cien (100) emprendimientos\u00a0 de base tecnologica juveniles en todo el pa\u00eds. Estos emprendimientos basados en innovaci\u00f3n o tecnolog\u00eda hacen parte de por lo menos treinta (30) Instituciones Educativas oficiales del pa\u00eds. Cada uno de los cien (100) equipos emprendedores estar\u00e1n conformados por un (1) docente y de dos [&hellip;]<\/p>","protected":false},"author":1,"featured_media":0,"parent":0,"menu_order":0,"comment_status":"closed","ping_status":"closed","template":"elementor_canvas","meta":{"_monsterinsights_skip_tracking":false,"_monsterinsights_sitenote_active":false,"_monsterinsights_sitenote_note":"","_monsterinsights_sitenote_category":0,"footnotes":""},"tags":[],"yoast_head":"<!-- This site is optimized with the Yoast SEO plugin v14.4.1 - https:\/\/yoast.com\/wordpress\/plugins\/seo\/ -->\n<title>Futuros emprededores -<\/title>\n<meta name=\"robots\" content=\"index, follow\" \/>\n<meta name=\"googlebot\" content=\"index, follow, max-snippet:-1, max-image-preview:large, max-video-preview:-1\" \/>\n<meta name=\"bingbot\" content=\"index, follow, max-snippet:-1, max-image-preview:large, max-video-preview:-1\" \/>\n<link rel=\"canonical\" href=\"https:\/\/landing.connectbogota.org\/en\/futuros-emprededores\/\" \/>\n<meta property=\"og:locale\" content=\"en_US\" \/>\n<meta property=\"og:type\" content=\"article\" \/>\n<meta property=\"og:title\" content=\"Futuros emprededores -\" \/>\n<meta property=\"og:url\" content=\"https:\/\/landing.connectbogota.org\/en\/futuros-emprededores\/\" \/>\n<meta property=\"article:publisher\" content=\"https:\/\/www.facebook.com\/ConnectBogota\/\" \/>\n<meta property=\"article:author\" content=\"https:\/\/www.facebook.com\/ConnectBogota\" \/>\n<meta property=\"article:modified_time\" content=\"2024-07-19T20:07:04+00:00\" \/>\n<meta property=\"og:image\" content=\"https:\/\/landing.connectbogota.org\/wp-content\/uploads\/2023\/09\/Convocatoria-3-cuadro-1.jpg\" \/>\n<meta name=\"twitter:card\" content=\"summary_large_image\" \/>\n<meta name=\"twitter:creator\" content=\"@ConnectBogota\" \/>\n<meta name=\"twitter:site\" content=\"@connectbogota\" \/>\n<script type=\"application\/ld+json\" class=\"yoast-schema-graph\">{\"@context\":\"https:\/\/schema.org\",\"@graph\":[{\"@type\":\"WebSite\",\"@id\":\"https:\/\/landing.connectbogota.org\/en\/#website\",\"url\":\"https:\/\/landing.connectbogota.org\/en\/\",\"name\":\"\",\"description\":\"\",\"potentialAction\":[{\"@type\":\"SearchAction\",\"target\":\"https:\/\/landing.connectbogota.org\/en\/?s={search_term_string}\",\"query-input\":\"required name=search_term_string\"}],\"inLanguage\":\"en-US\"},{\"@type\":\"ImageObject\",\"@id\":\"https:\/\/landing.connectbogota.org\/futuros-emprededores\/#primaryimage\",\"inLanguage\":\"en-US\",\"url\":\"https:\/\/landing.connectbogota.org\/wp-content\/uploads\/2023\/09\/Convocatoria-3-cuadro-1.jpg\",\"width\":489,\"height\":910},{\"@type\":\"WebPage\",\"@id\":\"https:\/\/landing.connectbogota.org\/futuros-emprededores\/#webpage\",\"url\":\"https:\/\/landing.connectbogota.org\/futuros-emprededores\/\",\"name\":\"Futuros emprededores -\",\"isPartOf\":{\"@id\":\"https:\/\/landing.connectbogota.org\/en\/#website\"},\"primaryImageOfPage\":{\"@id\":\"https:\/\/landing.connectbogota.org\/futuros-emprededores\/#primaryimage\"},\"datePublished\":\"2023-09-15T00:49:14+00:00\",\"dateModified\":\"2024-07-19T20:07:04+00:00\",\"inLanguage\":\"en-US\",\"potentialAction\":[{\"@type\":\"ReadAction\",\"target\":[\"https:\/\/landing.connectbogota.org\/futuros-emprededores\/\"]}]}]}<\/script>\n<!-- \/ Yoast SEO plugin. -->","_links":{"self":[{"href":"https:\/\/landing.connectbogota.org\/en\/wp-json\/wp\/v2\/pages\/15457"}],"collection":[{"href":"https:\/\/landing.connectbogota.org\/en\/wp-json\/wp\/v2\/pages"}],"about":[{"href":"https:\/\/landing.connectbogota.org\/en\/wp-json\/wp\/v2\/types\/page"}],"author":[{"embeddable":true,"href":"https:\/\/landing.connectbogota.org\/en\/wp-json\/wp\/v2\/users\/1"}],"replies":[{"embeddable":true,"href":"https:\/\/landing.connectbogota.org\/en\/wp-json\/wp\/v2\/comments?post=15457"}],"version-history":[{"count":49,"href":"https:\/\/landing.connectbogota.org\/en\/wp-json\/wp\/v2\/pages\/15457\/revisions"}],"predecessor-version":[{"id":18473,"href":"https:\/\/landing.connectbogota.org\/en\/wp-json\/wp\/v2\/pages\/15457\/revisions\/18473"}],"wp:attachment":[{"href":"https:\/\/landing.connectbogota.org\/en\/wp-json\/wp\/v2\/media?parent=15457"}],"wp:term":[{"taxonomy":"post_tag","embeddable":true,"href":"https:\/\/landing.connectbogota.org\/en\/wp-json\/wp\/v2\/tags?post=15457"}],"curies":[{"name":"wp","href":"https:\/\/api.w.org\/{rel}","templated":true}]}}