{"id":15428,"date":"2023-09-14T17:42:56","date_gmt":"2023-09-14T22:42:56","guid":{"rendered":"https:\/\/landing.connectbogota.org\/?page_id=15428"},"modified":"2024-01-15T10:32:12","modified_gmt":"2024-01-15T15:32:12","slug":"de-investigadora-a-empresaria","status":"publish","type":"page","link":"https:\/\/landing.connectbogota.org\/en\/de-investigadora-a-empresaria\/","title":{"rendered":"De investigadora a empresaria"},"content":{"rendered":"<div data-elementor-type=\"wp-page\" data-elementor-id=\"15428\" class=\"elementor elementor-15428\" data-elementor-post-type=\"page\">\n\t\t\t\t\t\t\t\t\t<section class=\"elementor-section elementor-top-section elementor-element elementor-element-37badef elementor-section-boxed elementor-section-height-default elementor-section-height-default\" data-id=\"37badef\" data-element_type=\"section\" data-settings=\"{&quot;background_background&quot;:&quot;classic&quot;}\">\n\t\t\t\t\t\t<div class=\"elementor-container elementor-column-gap-default\">\n\t\t\t\t\t<div class=\"elementor-column elementor-col-100 elementor-top-column elementor-element elementor-element-8339b0c\" data-id=\"8339b0c\" data-element_type=\"column\">\n\t\t\t<div class=\"elementor-widget-wrap elementor-element-populated\">\n\t\t\t\t\t\t\t\t<div class=\"elementor-element elementor-element-95aac19 elementor-widget elementor-widget-spacer\" data-id=\"95aac19\" data-element_type=\"widget\" data-widget_type=\"spacer.default\">\n\t\t\t\t<div class=\"elementor-widget-container\">\n\t\t\t\t\t<div class=\"elementor-spacer\">\n\t\t\t<div class=\"elementor-spacer-inner\"><\/div>\n\t\t<\/div>\n\t\t\t\t<\/div>\n\t\t\t\t<\/div>\n\t\t\t\t<div class=\"elementor-element elementor-element-53e8ab4 elementor-widget elementor-widget-spacer\" data-id=\"53e8ab4\" data-element_type=\"widget\" data-widget_type=\"spacer.default\">\n\t\t\t\t<div class=\"elementor-widget-container\">\n\t\t\t\t\t<div class=\"elementor-spacer\">\n\t\t\t<div class=\"elementor-spacer-inner\"><\/div>\n\t\t<\/div>\n\t\t\t\t<\/div>\n\t\t\t\t<\/div>\n\t\t\t\t\t<\/div>\n\t\t<\/div>\n\t\t\t\t\t\t\t<\/div>\n\t\t<\/section>\n\t\t\t\t<section class=\"elementor-section elementor-top-section elementor-element elementor-element-529dc12 elementor-section-boxed elementor-section-height-default elementor-section-height-default\" data-id=\"529dc12\" data-element_type=\"section\">\n\t\t\t\t\t\t<div class=\"elementor-container elementor-column-gap-default\">\n\t\t\t\t\t<div class=\"elementor-column elementor-col-100 elementor-top-column elementor-element elementor-element-25b4b01\" data-id=\"25b4b01\" data-element_type=\"column\">\n\t\t\t<div class=\"elementor-widget-wrap elementor-element-populated\">\n\t\t\t\t\t\t\t\t<div class=\"elementor-element elementor-element-da54ac6 elementor-widget elementor-widget-heading\" data-id=\"da54ac6\" data-element_type=\"widget\" data-widget_type=\"heading.default\">\n\t\t\t\t<div class=\"elementor-widget-container\">\n\t\t\t<h2 class=\"elementor-heading-title elementor-size-default\">\u00bfEn qu\u00e9 consiste? <\/h2>\t\t<\/div>\n\t\t\t\t<\/div>\n\t\t\t\t<div class=\"elementor-element elementor-element-6773c11 elementor-widget elementor-widget-text-editor\" data-id=\"6773c11\" data-element_type=\"widget\" data-widget_type=\"text-editor.default\">\n\t\t\t\t<div class=\"elementor-widget-container\">\n\t\t\t\t\t\t\t<p>Buscamos seleccionar hasta 150 mujeres investigadoras colombianas, que residan en el pa\u00eds. Su objetivo es brindar formaci\u00f3n virtual en habilidades, tanto gerenciales como comerciales, para la creaci\u00f3n y gesti\u00f3n exitosa de Empresas de Base Tecnol\u00f3gica (EBT), aumentando as\u00ed las posibilidades de \u00e9xito en la creaci\u00f3n y consolidaci\u00f3n de dichas empresas en el mercado. Para participar, las interesadas deben contar con disponibilidad para participar de las sesiones del diplomado.<\/p>\t\t\t\t\t\t<\/div>\n\t\t\t\t<\/div>\n\t\t\t\t<div class=\"elementor-element elementor-element-5cc11d1 elementor-align-center elementor-widget elementor-widget-button\" data-id=\"5cc11d1\" data-element_type=\"widget\" data-widget_type=\"button.default\">\n\t\t\t\t<div class=\"elementor-widget-container\">\n\t\t\t\t\t<div class=\"elementor-button-wrapper\">\n\t\t\t<a class=\"elementor-button elementor-button-link elementor-size-sm\" href=\"https:\/\/landing.connectbogota.org\/wp-content\/uploads\/2023\/09\/TDR-P3.-De-Investigadora-a-Empresaria.pdf\" target=\"_blank\">\n\t\t\t\t\t\t<span class=\"elementor-button-content-wrapper\">\n\t\t\t\t\t\t<span class=\"elementor-button-text\">Conoce los t\u00e9rminos de referencia<\/span>\n\t\t<\/span>\n\t\t\t\t\t<\/a>\n\t\t<\/div>\n\t\t\t\t<\/div>\n\t\t\t\t<\/div>\n\t\t\t\t<div class=\"elementor-element elementor-element-b96bb31 elementor-align-center elementor-widget elementor-widget-button\" data-id=\"b96bb31\" data-element_type=\"widget\" data-widget_type=\"button.default\">\n\t\t\t\t<div class=\"elementor-widget-container\">\n\t\t\t\t\t<div class=\"elementor-button-wrapper\">\n\t\t\t<a class=\"elementor-button elementor-button-link elementor-size-sm\" href=\"https:\/\/landing.connectbogota.org\/wp-content\/uploads\/2023\/09\/Anexos-De-Investigadora-a-Empresaria.doc\" target=\"_blank\">\n\t\t\t\t\t\t<span class=\"elementor-button-content-wrapper\">\n\t\t\t\t\t\t<span class=\"elementor-button-text\">Annexes <\/span>\n\t\t<\/span>\n\t\t\t\t\t<\/a>\n\t\t<\/div>\n\t\t\t\t<\/div>\n\t\t\t\t<\/div>\n\t\t\t\t<div class=\"elementor-element elementor-element-ad28d8b elementor-align-center elementor-widget elementor-widget-button\" data-id=\"ad28d8b\" data-element_type=\"widget\" data-widget_type=\"button.default\">\n\t\t\t\t<div class=\"elementor-widget-container\">\n\t\t\t\t\t<div class=\"elementor-button-wrapper\">\n\t\t\t<a class=\"elementor-button elementor-button-link elementor-size-sm\" href=\"https:\/\/landing.connectbogota.org\/wp-content\/uploads\/2024\/01\/Investigadoras-seleccionadas.pdf\" target=\"_blank\">\n\t\t\t\t\t\t<span class=\"elementor-button-content-wrapper\">\n\t\t\t\t\t\t<span class=\"elementor-button-text\">Seleccionadas <\/span>\n\t\t<\/span>\n\t\t\t\t\t<\/a>\n\t\t<\/div>\n\t\t\t\t<\/div>\n\t\t\t\t<\/div>\n\t\t\t\t\t<\/div>\n\t\t<\/div>\n\t\t\t\t\t\t\t<\/div>\n\t\t<\/section>\n\t\t\t\t<section class=\"elementor-section elementor-top-section elementor-element elementor-element-1d4be6f elementor-section-boxed elementor-section-height-default elementor-section-height-default\" data-id=\"1d4be6f\" data-element_type=\"section\">\n\t\t\t\t\t\t<div class=\"elementor-container elementor-column-gap-default\">\n\t\t\t\t\t<div class=\"elementor-column elementor-col-50 elementor-top-column elementor-element elementor-element-a152701\" data-id=\"a152701\" data-element_type=\"column\" data-settings=\"{&quot;background_background&quot;:&quot;classic&quot;}\">\n\t\t\t<div class=\"elementor-widget-wrap elementor-element-populated\">\n\t\t\t\t\t\t\t\t<div class=\"elementor-element elementor-element-fc30aad elementor-widget elementor-widget-image\" data-id=\"fc30aad\" data-element_type=\"widget\" data-widget_type=\"image.default\">\n\t\t\t\t<div class=\"elementor-widget-container\">\n\t\t\t\t\t\t\t\t\t\t\t\t\t\t\t<img decoding=\"async\" loading=\"lazy\" width=\"581\" height=\"663\" src=\"https:\/\/landing.connectbogota.org\/wp-content\/uploads\/2023\/09\/Convocatoria-1-cuadro-1.jpg\" class=\"attachment-large size-large wp-image-15507\" alt=\"\" srcset=\"https:\/\/landing.connectbogota.org\/wp-content\/uploads\/2023\/09\/Convocatoria-1-cuadro-1.jpg 581w, https:\/\/landing.connectbogota.org\/wp-content\/uploads\/2023\/09\/Convocatoria-1-cuadro-1-263x300.jpg 263w, https:\/\/landing.connectbogota.org\/wp-content\/uploads\/2023\/09\/Convocatoria-1-cuadro-1-11x12.jpg 11w, https:\/\/landing.connectbogota.org\/wp-content\/uploads\/2023\/09\/Convocatoria-1-cuadro-1-21x24.jpg 21w, https:\/\/landing.connectbogota.org\/wp-content\/uploads\/2023\/09\/Convocatoria-1-cuadro-1-32x36.jpg 32w, https:\/\/landing.connectbogota.org\/wp-content\/uploads\/2023\/09\/Convocatoria-1-cuadro-1-42x48.jpg 42w\" sizes=\"(max-width: 581px) 100vw, 581px\" \/>\t\t\t\t\t\t\t\t\t\t\t\t\t\t\t<\/div>\n\t\t\t\t<\/div>\n\t\t\t\t\t<\/div>\n\t\t<\/div>\n\t\t\t\t<div class=\"elementor-column elementor-col-50 elementor-top-column elementor-element elementor-element-c1b5092\" data-id=\"c1b5092\" data-element_type=\"column\" data-settings=\"{&quot;background_background&quot;:&quot;classic&quot;}\">\n\t\t\t<div class=\"elementor-widget-wrap elementor-element-populated\">\n\t\t\t\t\t\t\t\t<div class=\"elementor-element elementor-element-8a98975 elementor-widget elementor-widget-image\" data-id=\"8a98975\" data-element_type=\"widget\" data-widget_type=\"image.default\">\n\t\t\t\t<div class=\"elementor-widget-container\">\n\t\t\t\t\t\t\t\t\t\t\t\t\t\t\t<img decoding=\"async\" loading=\"lazy\" width=\"619\" height=\"663\" src=\"https:\/\/landing.connectbogota.org\/wp-content\/uploads\/2023\/09\/Convocatoria-1-cuadro-2-1.jpg\" class=\"attachment-large size-large wp-image-15508\" alt=\"\" srcset=\"https:\/\/landing.connectbogota.org\/wp-content\/uploads\/2023\/09\/Convocatoria-1-cuadro-2-1.jpg 619w, https:\/\/landing.connectbogota.org\/wp-content\/uploads\/2023\/09\/Convocatoria-1-cuadro-2-1-280x300.jpg 280w, https:\/\/landing.connectbogota.org\/wp-content\/uploads\/2023\/09\/Convocatoria-1-cuadro-2-1-11x12.jpg 11w, https:\/\/landing.connectbogota.org\/wp-content\/uploads\/2023\/09\/Convocatoria-1-cuadro-2-1-22x24.jpg 22w, https:\/\/landing.connectbogota.org\/wp-content\/uploads\/2023\/09\/Convocatoria-1-cuadro-2-1-34x36.jpg 34w, https:\/\/landing.connectbogota.org\/wp-content\/uploads\/2023\/09\/Convocatoria-1-cuadro-2-1-45x48.jpg 45w\" sizes=\"(max-width: 619px) 100vw, 619px\" \/>\t\t\t\t\t\t\t\t\t\t\t\t\t\t\t<\/div>\n\t\t\t\t<\/div>\n\t\t\t\t\t<\/div>\n\t\t<\/div>\n\t\t\t\t\t\t\t<\/div>\n\t\t<\/section>\n\t\t\t\t<section class=\"elementor-section elementor-top-section elementor-element elementor-element-9f7849c elementor-section-boxed elementor-section-height-default elementor-section-height-default\" data-id=\"9f7849c\" data-element_type=\"section\" data-settings=\"{&quot;background_background&quot;:&quot;classic&quot;}\">\n\t\t\t\t\t\t<div class=\"elementor-container elementor-column-gap-custom\">\n\t\t\t\t\t<div class=\"elementor-column elementor-col-100 elementor-top-column elementor-element elementor-element-8bd0cce\" data-id=\"8bd0cce\" data-element_type=\"column\">\n\t\t\t<div class=\"elementor-widget-wrap elementor-element-populated\">\n\t\t\t\t\t\t\t\t<div class=\"elementor-element elementor-element-2b8145e elementor-widget elementor-widget-spacer\" data-id=\"2b8145e\" data-element_type=\"widget\" data-widget_type=\"spacer.default\">\n\t\t\t\t<div class=\"elementor-widget-container\">\n\t\t\t\t\t<div class=\"elementor-spacer\">\n\t\t\t<div class=\"elementor-spacer-inner\"><\/div>\n\t\t<\/div>\n\t\t\t\t<\/div>\n\t\t\t\t<\/div>\n\t\t\t\t<div class=\"elementor-element elementor-element-ceb34cc elementor-widget elementor-widget-image\" data-id=\"ceb34cc\" data-element_type=\"widget\" data-widget_type=\"image.default\">\n\t\t\t\t<div class=\"elementor-widget-container\">\n\t\t\t\t\t\t\t\t\t\t\t\t\t\t\t<img decoding=\"async\" loading=\"lazy\" width=\"1061\" height=\"460\" src=\"https:\/\/landing.connectbogota.org\/wp-content\/uploads\/2023\/09\/Convocatoria-1-cronograma-2.png\" class=\"attachment-full size-full wp-image-15655\" alt=\"\" srcset=\"https:\/\/landing.connectbogota.org\/wp-content\/uploads\/2023\/09\/Convocatoria-1-cronograma-2.png 1061w, https:\/\/landing.connectbogota.org\/wp-content\/uploads\/2023\/09\/Convocatoria-1-cronograma-2-300x130.png 300w, https:\/\/landing.connectbogota.org\/wp-content\/uploads\/2023\/09\/Convocatoria-1-cronograma-2-1024x444.png 1024w, https:\/\/landing.connectbogota.org\/wp-content\/uploads\/2023\/09\/Convocatoria-1-cronograma-2-768x333.png 768w, https:\/\/landing.connectbogota.org\/wp-content\/uploads\/2023\/09\/Convocatoria-1-cronograma-2-18x8.png 18w, https:\/\/landing.connectbogota.org\/wp-content\/uploads\/2023\/09\/Convocatoria-1-cronograma-2-24x10.png 24w, https:\/\/landing.connectbogota.org\/wp-content\/uploads\/2023\/09\/Convocatoria-1-cronograma-2-36x16.png 36w, https:\/\/landing.connectbogota.org\/wp-content\/uploads\/2023\/09\/Convocatoria-1-cronograma-2-48x21.png 48w\" sizes=\"(max-width: 1061px) 100vw, 1061px\" \/>\t\t\t\t\t\t\t\t\t\t\t\t\t\t\t<\/div>\n\t\t\t\t<\/div>\n\t\t\t\t<div class=\"elementor-element elementor-element-1b0092d elementor-widget elementor-widget-spacer\" data-id=\"1b0092d\" data-element_type=\"widget\" data-widget_type=\"spacer.default\">\n\t\t\t\t<div class=\"elementor-widget-container\">\n\t\t\t\t\t<div class=\"elementor-spacer\">\n\t\t\t<div class=\"elementor-spacer-inner\"><\/div>\n\t\t<\/div>\n\t\t\t\t<\/div>\n\t\t\t\t<\/div>\n\t\t\t\t<section class=\"elementor-section elementor-inner-section elementor-element elementor-element-d3d91ad elementor-section-full_width elementor-section-height-default elementor-section-height-default\" data-id=\"d3d91ad\" data-element_type=\"section\">\n\t\t\t\t\t\t<div class=\"elementor-container elementor-column-gap-no\">\n\t\t\t\t\t<div class=\"elementor-column elementor-col-100 elementor-inner-column elementor-element elementor-element-a277056\" data-id=\"a277056\" data-element_type=\"column\">\n\t\t\t<div class=\"elementor-widget-wrap\">\n\t\t\t\t\t\t\t\t\t<\/div>\n\t\t<\/div>\n\t\t\t\t\t\t\t<\/div>\n\t\t<\/section>\n\t\t\t\t<div class=\"elementor-element elementor-element-403448f elementor-align-center elementor-widget elementor-widget-button\" data-id=\"403448f\" data-element_type=\"widget\" data-widget_type=\"button.default\">\n\t\t\t\t<div class=\"elementor-widget-container\">\n\t\t\t\t\t<div class=\"elementor-button-wrapper\">\n\t\t\t<a class=\"elementor-button elementor-button-link elementor-size-sm\" href=\"https:\/\/landing.connectbogota.org\/wp-content\/uploads\/2024\/01\/Investigadoras-seleccionadas.pdf\" target=\"_blank\">\n\t\t\t\t\t\t<span class=\"elementor-button-content-wrapper\">\n\t\t\t\t\t\t<span class=\"elementor-button-text\">Seleccionadas <\/span>\n\t\t<\/span>\n\t\t\t\t\t<\/a>\n\t\t<\/div>\n\t\t\t\t<\/div>\n\t\t\t\t<\/div>\n\t\t\t\t\t<\/div>\n\t\t<\/div>\n\t\t\t\t\t\t\t<\/div>\n\t\t<\/section>\n\t\t\t\t\t\t\t<\/div>","protected":false},"excerpt":{"rendered":"<p>\u00bfEn qu\u00e9 consiste? Buscamos seleccionar hasta 150 mujeres investigadoras colombianas, que residan en el pa\u00eds. Su objetivo es brindar formaci\u00f3n virtual en habilidades, tanto gerenciales como comerciales, para la creaci\u00f3n y gesti\u00f3n exitosa de Empresas de Base Tecnol\u00f3gica (EBT), aumentando as\u00ed las posibilidades de \u00e9xito en la creaci\u00f3n y consolidaci\u00f3n de dichas empresas en el [&hellip;]<\/p>","protected":false},"author":1,"featured_media":0,"parent":0,"menu_order":0,"comment_status":"closed","ping_status":"closed","template":"elementor_canvas","meta":{"_monsterinsights_skip_tracking":false,"_monsterinsights_sitenote_active":false,"_monsterinsights_sitenote_note":"","_monsterinsights_sitenote_category":0,"footnotes":""},"tags":[],"yoast_head":"<!-- This site is optimized with the Yoast SEO plugin v14.4.1 - https:\/\/yoast.com\/wordpress\/plugins\/seo\/ -->\n<title>De investigadora a empresaria -<\/title>\n<meta name=\"robots\" content=\"index, follow\" \/>\n<meta name=\"googlebot\" content=\"index, follow, max-snippet:-1, max-image-preview:large, max-video-preview:-1\" \/>\n<meta name=\"bingbot\" content=\"index, follow, max-snippet:-1, max-image-preview:large, max-video-preview:-1\" \/>\n<link rel=\"canonical\" href=\"https:\/\/landing.connectbogota.org\/en\/de-investigadora-a-empresaria\/\" \/>\n<meta property=\"og:locale\" content=\"en_US\" \/>\n<meta property=\"og:type\" content=\"article\" \/>\n<meta property=\"og:title\" content=\"De investigadora a empresaria -\" \/>\n<meta property=\"og:url\" content=\"https:\/\/landing.connectbogota.org\/en\/de-investigadora-a-empresaria\/\" \/>\n<meta property=\"article:publisher\" content=\"https:\/\/www.facebook.com\/ConnectBogota\/\" \/>\n<meta property=\"article:author\" content=\"https:\/\/www.facebook.com\/ConnectBogota\" \/>\n<meta property=\"article:modified_time\" content=\"2024-01-15T15:32:12+00:00\" \/>\n<meta property=\"og:image\" content=\"https:\/\/landing.connectbogota.org\/wp-content\/uploads\/2023\/09\/Convocatoria-1-cuadro-1.jpg\" \/>\n<meta name=\"twitter:card\" content=\"summary_large_image\" \/>\n<meta name=\"twitter:creator\" content=\"@ConnectBogota\" \/>\n<meta name=\"twitter:site\" content=\"@connectbogota\" \/>\n<script type=\"application\/ld+json\" class=\"yoast-schema-graph\">{\"@context\":\"https:\/\/schema.org\",\"@graph\":[{\"@type\":\"WebSite\",\"@id\":\"https:\/\/landing.connectbogota.org\/en\/#website\",\"url\":\"https:\/\/landing.connectbogota.org\/en\/\",\"name\":\"\",\"description\":\"\",\"potentialAction\":[{\"@type\":\"SearchAction\",\"target\":\"https:\/\/landing.connectbogota.org\/en\/?s={search_term_string}\",\"query-input\":\"required name=search_term_string\"}],\"inLanguage\":\"en-US\"},{\"@type\":\"ImageObject\",\"@id\":\"https:\/\/landing.connectbogota.org\/de-investigadora-a-empresaria\/#primaryimage\",\"inLanguage\":\"en-US\",\"url\":\"https:\/\/landing.connectbogota.org\/wp-content\/uploads\/2023\/09\/Convocatoria-1-cuadro-1.jpg\",\"width\":581,\"height\":663},{\"@type\":\"WebPage\",\"@id\":\"https:\/\/landing.connectbogota.org\/de-investigadora-a-empresaria\/#webpage\",\"url\":\"https:\/\/landing.connectbogota.org\/de-investigadora-a-empresaria\/\",\"name\":\"De investigadora a empresaria -\",\"isPartOf\":{\"@id\":\"https:\/\/landing.connectbogota.org\/en\/#website\"},\"primaryImageOfPage\":{\"@id\":\"https:\/\/landing.connectbogota.org\/de-investigadora-a-empresaria\/#primaryimage\"},\"datePublished\":\"2023-09-14T22:42:56+00:00\",\"dateModified\":\"2024-01-15T15:32:12+00:00\",\"inLanguage\":\"en-US\",\"potentialAction\":[{\"@type\":\"ReadAction\",\"target\":[\"https:\/\/landing.connectbogota.org\/de-investigadora-a-empresaria\/\"]}]}]}<\/script>\n<!-- \/ Yoast SEO plugin. -->","_links":{"self":[{"href":"https:\/\/landing.connectbogota.org\/en\/wp-json\/wp\/v2\/pages\/15428"}],"collection":[{"href":"https:\/\/landing.connectbogota.org\/en\/wp-json\/wp\/v2\/pages"}],"about":[{"href":"https:\/\/landing.connectbogota.org\/en\/wp-json\/wp\/v2\/types\/page"}],"author":[{"embeddable":true,"href":"https:\/\/landing.connectbogota.org\/en\/wp-json\/wp\/v2\/users\/1"}],"replies":[{"embeddable":true,"href":"https:\/\/landing.connectbogota.org\/en\/wp-json\/wp\/v2\/comments?post=15428"}],"version-history":[{"count":55,"href":"https:\/\/landing.connectbogota.org\/en\/wp-json\/wp\/v2\/pages\/15428\/revisions"}],"predecessor-version":[{"id":17246,"href":"https:\/\/landing.connectbogota.org\/en\/wp-json\/wp\/v2\/pages\/15428\/revisions\/17246"}],"wp:attachment":[{"href":"https:\/\/landing.connectbogota.org\/en\/wp-json\/wp\/v2\/media?parent=15428"}],"wp:term":[{"taxonomy":"post_tag","embeddable":true,"href":"https:\/\/landing.connectbogota.org\/en\/wp-json\/wp\/v2\/tags?post=15428"}],"curies":[{"name":"wp","href":"https:\/\/api.w.org\/{rel}","templated":true}]}}