{"id":13484,"date":"2022-09-30T15:15:21","date_gmt":"2022-09-30T20:15:21","guid":{"rendered":"https:\/\/connectbogota.org\/?page_id=13484"},"modified":"2023-09-28T16:49:15","modified_gmt":"2023-09-28T21:49:15","slug":"beneficioconnectaconconnectclarkemodet","status":"publish","type":"page","link":"https:\/\/landing.connectbogota.org\/en\/beneficioconnectaconconnectclarkemodet\/","title":{"rendered":"Beneficio Connecta con Connect ClarkeModet"},"content":{"rendered":"<div data-elementor-type=\"wp-page\" data-elementor-id=\"13484\" class=\"elementor elementor-13484\" data-elementor-post-type=\"page\">\n\t\t\t\t\t\t\t\t\t<section class=\"elementor-section elementor-top-section elementor-element elementor-element-42ca074 elementor-section-stretched elementor-hidden-tablet elementor-hidden-phone elementor-section-boxed elementor-section-height-default elementor-section-height-default\" data-id=\"42ca074\" data-element_type=\"section\" data-settings=\"{&quot;stretch_section&quot;:&quot;section-stretched&quot;,&quot;background_background&quot;:&quot;classic&quot;}\">\n\t\t\t\t\t\t\t<div class=\"elementor-background-overlay\"><\/div>\n\t\t\t\t\t\t\t<div class=\"elementor-container elementor-column-gap-default\">\n\t\t\t\t\t<div class=\"elementor-column elementor-col-50 elementor-top-column elementor-element elementor-element-8368433\" data-id=\"8368433\" data-element_type=\"column\">\n\t\t\t<div class=\"elementor-widget-wrap elementor-element-populated\">\n\t\t\t\t\t\t\t\t<div class=\"elementor-element elementor-element-35de9d5 elementor-widget elementor-widget-image\" data-id=\"35de9d5\" data-element_type=\"widget\" data-widget_type=\"image.default\">\n\t\t\t\t<div class=\"elementor-widget-container\">\n\t\t\t\t\t\t\t\t\t\t\t\t\t\t\t<img decoding=\"async\" loading=\"lazy\" width=\"1221\" height=\"1420\" src=\"https:\/\/landing.connectbogota.org\/wp-content\/uploads\/2022\/08\/Recurso-1.png\" class=\"attachment-full size-full wp-image-13179\" alt=\"\" srcset=\"https:\/\/landing.connectbogota.org\/wp-content\/uploads\/2022\/08\/Recurso-1.png 1221w, https:\/\/landing.connectbogota.org\/wp-content\/uploads\/2022\/08\/Recurso-1-258x300.png 258w, https:\/\/landing.connectbogota.org\/wp-content\/uploads\/2022\/08\/Recurso-1-880x1024.png 880w, https:\/\/landing.connectbogota.org\/wp-content\/uploads\/2022\/08\/Recurso-1-768x893.png 768w, https:\/\/landing.connectbogota.org\/wp-content\/uploads\/2022\/08\/Recurso-1-21x24.png 21w, https:\/\/landing.connectbogota.org\/wp-content\/uploads\/2022\/08\/Recurso-1-31x36.png 31w, https:\/\/landing.connectbogota.org\/wp-content\/uploads\/2022\/08\/Recurso-1-41x48.png 41w\" sizes=\"(max-width: 1221px) 100vw, 1221px\" \/>\t\t\t\t\t\t\t\t\t\t\t\t\t\t\t<\/div>\n\t\t\t\t<\/div>\n\t\t\t\t\t<\/div>\n\t\t<\/div>\n\t\t\t\t<div class=\"elementor-column elementor-col-50 elementor-top-column elementor-element elementor-element-8335212\" data-id=\"8335212\" data-element_type=\"column\">\n\t\t\t<div class=\"elementor-widget-wrap elementor-element-populated\">\n\t\t\t\t\t\t\t\t<div class=\"elementor-element elementor-element-31f6900 elementor-widget elementor-widget-spacer\" data-id=\"31f6900\" data-element_type=\"widget\" data-widget_type=\"spacer.default\">\n\t\t\t\t<div class=\"elementor-widget-container\">\n\t\t\t\t\t<div class=\"elementor-spacer\">\n\t\t\t<div class=\"elementor-spacer-inner\"><\/div>\n\t\t<\/div>\n\t\t\t\t<\/div>\n\t\t\t\t<\/div>\n\t\t\t\t<div class=\"elementor-element elementor-element-96f1939 elementor-widget elementor-widget-text-editor\" data-id=\"96f1939\" data-element_type=\"widget\" data-widget_type=\"text-editor.default\">\n\t\t\t\t<div class=\"elementor-widget-container\">\n\t\t\t\t\t\t\t<p>OFERTAS Y BENEFICIOS EXCLUSIVOS PARA MIEMBROS CONNECT<\/p>\t\t\t\t\t\t<\/div>\n\t\t\t\t<\/div>\n\t\t\t\t\t<\/div>\n\t\t<\/div>\n\t\t\t\t\t\t\t<\/div>\n\t\t<\/section>\n\t\t\t\t<section class=\"elementor-section elementor-top-section elementor-element elementor-element-128610a elementor-section-stretched elementor-section-boxed elementor-section-height-default elementor-section-height-default\" data-id=\"128610a\" data-element_type=\"section\" data-settings=\"{&quot;stretch_section&quot;:&quot;section-stretched&quot;}\">\n\t\t\t\t\t\t<div class=\"elementor-container elementor-column-gap-default\">\n\t\t\t\t\t<div class=\"elementor-column elementor-col-50 elementor-top-column elementor-element elementor-element-5256f92\" data-id=\"5256f92\" data-element_type=\"column\">\n\t\t\t<div class=\"elementor-widget-wrap elementor-element-populated\">\n\t\t\t\t\t\t\t\t<div class=\"elementor-element elementor-element-0cfd427 elementor-widget elementor-widget-spacer\" data-id=\"0cfd427\" data-element_type=\"widget\" data-widget_type=\"spacer.default\">\n\t\t\t\t<div class=\"elementor-widget-container\">\n\t\t\t\t\t<div class=\"elementor-spacer\">\n\t\t\t<div class=\"elementor-spacer-inner\"><\/div>\n\t\t<\/div>\n\t\t\t\t<\/div>\n\t\t\t\t<\/div>\n\t\t\t\t<div class=\"elementor-element elementor-element-46ec7e4 elementor-widget elementor-widget-image\" data-id=\"46ec7e4\" data-element_type=\"widget\" data-widget_type=\"image.default\">\n\t\t\t\t<div class=\"elementor-widget-container\">\n\t\t\t\t\t\t\t\t\t\t\t\t\t\t\t<img decoding=\"async\" loading=\"lazy\" width=\"791\" height=\"1024\" src=\"https:\/\/landing.connectbogota.org\/wp-content\/uploads\/2022\/10\/Registration-1-791x1024.png\" class=\"attachment-large size-large wp-image-13568\" alt=\"\" srcset=\"https:\/\/landing.connectbogota.org\/wp-content\/uploads\/2022\/10\/Registration-1-791x1024.png 791w, https:\/\/landing.connectbogota.org\/wp-content\/uploads\/2022\/10\/Registration-1-232x300.png 232w, https:\/\/landing.connectbogota.org\/wp-content\/uploads\/2022\/10\/Registration-1-768x994.png 768w, https:\/\/landing.connectbogota.org\/wp-content\/uploads\/2022\/10\/Registration-1-1187x1536.png 1187w, https:\/\/landing.connectbogota.org\/wp-content\/uploads\/2022\/10\/Registration-1-19x24.png 19w, https:\/\/landing.connectbogota.org\/wp-content\/uploads\/2022\/10\/Registration-1-28x36.png 28w, https:\/\/landing.connectbogota.org\/wp-content\/uploads\/2022\/10\/Registration-1-37x48.png 37w, https:\/\/landing.connectbogota.org\/wp-content\/uploads\/2022\/10\/Registration-1.png 1545w\" sizes=\"(max-width: 791px) 100vw, 791px\" \/>\t\t\t\t\t\t\t\t\t\t\t\t\t\t\t<\/div>\n\t\t\t\t<\/div>\n\t\t\t\t\t<\/div>\n\t\t<\/div>\n\t\t\t\t<div class=\"elementor-column elementor-col-50 elementor-top-column elementor-element elementor-element-35a684e\" data-id=\"35a684e\" data-element_type=\"column\">\n\t\t\t<div class=\"elementor-widget-wrap elementor-element-populated\">\n\t\t\t\t\t\t\t\t<div class=\"elementor-element elementor-element-d157ce9 elementor-widget elementor-widget-spacer\" data-id=\"d157ce9\" data-element_type=\"widget\" data-widget_type=\"spacer.default\">\n\t\t\t\t<div class=\"elementor-widget-container\">\n\t\t\t\t\t<div class=\"elementor-spacer\">\n\t\t\t<div class=\"elementor-spacer-inner\"><\/div>\n\t\t<\/div>\n\t\t\t\t<\/div>\n\t\t\t\t<\/div>\n\t\t\t\t<div class=\"elementor-element elementor-element-f5c2665 elementor-widget elementor-widget-image\" data-id=\"f5c2665\" data-element_type=\"widget\" data-widget_type=\"image.default\">\n\t\t\t\t<div class=\"elementor-widget-container\">\n\t\t\t\t\t\t\t\t\t\t\t\t\t\t\t<img decoding=\"async\" loading=\"lazy\" width=\"800\" height=\"454\" src=\"https:\/\/landing.connectbogota.org\/wp-content\/uploads\/2020\/07\/CLARKE-1024x581.png\" class=\"attachment-large size-large wp-image-9685\" alt=\"\" srcset=\"https:\/\/landing.connectbogota.org\/wp-content\/uploads\/2020\/07\/CLARKE-1024x581.png 1024w, https:\/\/landing.connectbogota.org\/wp-content\/uploads\/2020\/07\/CLARKE-300x170.png 300w, https:\/\/landing.connectbogota.org\/wp-content\/uploads\/2020\/07\/CLARKE-768x435.png 768w, https:\/\/landing.connectbogota.org\/wp-content\/uploads\/2020\/07\/CLARKE-1536x871.png 1536w, https:\/\/landing.connectbogota.org\/wp-content\/uploads\/2020\/07\/CLARKE-2048x1161.png 2048w, https:\/\/landing.connectbogota.org\/wp-content\/uploads\/2020\/07\/CLARKE-24x14.png 24w, https:\/\/landing.connectbogota.org\/wp-content\/uploads\/2020\/07\/CLARKE-36x20.png 36w, https:\/\/landing.connectbogota.org\/wp-content\/uploads\/2020\/07\/CLARKE-48x27.png 48w\" sizes=\"(max-width: 800px) 100vw, 800px\" \/>\t\t\t\t\t\t\t\t\t\t\t\t\t\t\t<\/div>\n\t\t\t\t<\/div>\n\t\t\t\t<section class=\"elementor-section elementor-inner-section elementor-element elementor-element-d699863 elementor-section-boxed elementor-section-height-default elementor-section-height-default\" data-id=\"d699863\" data-element_type=\"section\">\n\t\t\t\t\t\t<div class=\"elementor-container elementor-column-gap-default\">\n\t\t\t\t\t<div class=\"elementor-column elementor-col-100 elementor-inner-column elementor-element elementor-element-59478db\" data-id=\"59478db\" data-element_type=\"column\">\n\t\t\t<div class=\"elementor-widget-wrap elementor-element-populated\">\n\t\t\t\t\t\t\t\t<div class=\"elementor-element elementor-element-1b3b3f5 elementor-widget elementor-widget-text-editor\" data-id=\"1b3b3f5\" data-element_type=\"widget\" data-widget_type=\"text-editor.default\">\n\t\t\t\t<div class=\"elementor-widget-container\">\n\t\t\t\t\t\t\t<p>20 MIN DE ASESOR\u00cdA GRATIS<\/p>\t\t\t\t\t\t<\/div>\n\t\t\t\t<\/div>\n\t\t\t\t<div class=\"elementor-element elementor-element-bd47114 elementor-widget elementor-widget-text-editor\" data-id=\"bd47114\" data-element_type=\"widget\" data-widget_type=\"text-editor.default\">\n\t\t\t\t<div class=\"elementor-widget-container\">\n\t\t\t\t\t\t\t<p>-20% EN CONSULTOR\u00cdA\u00a0<\/p>\t\t\t\t\t\t<\/div>\n\t\t\t\t<\/div>\n\t\t\t\t\t<\/div>\n\t\t<\/div>\n\t\t\t\t\t\t\t<\/div>\n\t\t<\/section>\n\t\t\t\t<div class=\"elementor-element elementor-element-1d453f2 elementor-widget elementor-widget-text-editor\" data-id=\"1d453f2\" data-element_type=\"widget\" data-widget_type=\"text-editor.default\">\n\t\t\t\t<div class=\"elementor-widget-container\">\n\t\t\t\t\t\t\t<p>Obt\u00e9n 20 minutos de asesor\u00eda inicial gratis y 20% de descuento en servicio de consultor\u00eda especializada en temas como captura y uso de CO2, Blockchain, metaverso, propiedad intelectual, valoraci\u00f3n de activos intangibles.<\/p>\t\t\t\t\t\t<\/div>\n\t\t\t\t<\/div>\n\t\t\t\t<div class=\"elementor-element elementor-element-532d6b9 elementor-widget elementor-widget-text-editor\" data-id=\"532d6b9\" data-element_type=\"widget\" data-widget_type=\"text-editor.default\">\n\t\t\t\t<div class=\"elementor-widget-container\">\n\t\t\t\t\t\t\t<p><strong>T\u00e9rminos y condiciones:<\/strong><\/p><p>*Solo para miembros de Connect.<\/p><p>*Cupos ilimitados.<\/p><p>*V\u00e1lido hasta marzo de 2023.<\/p><p>*Dirigido a empresas de todos los sectores.<\/p><p><strong>Contacto:<\/strong> Ana Gil O. &#8211; agil@clarkemodet.com<\/p>\t\t\t\t\t\t<\/div>\n\t\t\t\t<\/div>\n\t\t\t\t<div class=\"elementor-element elementor-element-0d735d9 elementor-widget elementor-widget-text-editor\" data-id=\"0d735d9\" data-element_type=\"widget\" data-widget_type=\"text-editor.default\">\n\t\t\t\t<div class=\"elementor-widget-container\">\n\t\t\t\t\t\t\t<p>M\u00e1s informaci\u00f3n sobre ClarkeModet: <span style=\"color: #f7a600;\"><a style=\"color: #f7a600;\" href=\"http:\/\/www.clarkemodet.com\">www.clarkemodet.com\u00a0<\/a><\/span><\/p>\t\t\t\t\t\t<\/div>\n\t\t\t\t<\/div>\n\t\t\t\t<div class=\"elementor-element elementor-element-2d0c304 elementor-align-center elementor-widget elementor-widget-button\" data-id=\"2d0c304\" data-element_type=\"widget\" data-widget_type=\"button.default\">\n\t\t\t\t<div class=\"elementor-widget-container\">\n\t\t\t\t\t<div class=\"elementor-button-wrapper\">\n\t\t\t<a class=\"elementor-button elementor-button-link elementor-size-sm\" href=\"mailto:agil@clarkemodet.com?cc=vvelasco@connectbogota.org&#038;subject=Me%20interesa%20el%20beneficio%20de%20ClarkeModet%20para%20miembros%20Connect%20&#038;body=Hola%20Ana.%20%0A%0ASoy%20(NOMBRE)%2C%20(CARGO)%20de%20(EMPRESA)%20y%20me%20interesa%20acceder%20al%20beneficio%20que%20ClarkeModet%20tiene%20disponible%20para%20miembros%20de%20Connect.%20%20%0A%0ACu%C3%A9ntame%20c%C3%B3mo%20proceder%20para%20hacerlo%20efectivo.%20\">\n\t\t\t\t\t\t<span class=\"elementor-button-content-wrapper\">\n\t\t\t\t\t\t<span class=\"elementor-button-text\">Quiero acceder a este beneficio<\/span>\n\t\t<\/span>\n\t\t\t\t\t<\/a>\n\t\t<\/div>\n\t\t\t\t<\/div>\n\t\t\t\t<\/div>\n\t\t\t\t\t<\/div>\n\t\t<\/div>\n\t\t\t\t\t\t\t<\/div>\n\t\t<\/section>\n\t\t\t\t\t\t\t<\/div>","protected":false},"excerpt":{"rendered":"<p>OFERTAS Y BENEFICIOS EXCLUSIVOS PARA MIEMBROS CONNECT 20 MIN DE ASESOR\u00cdA GRATIS -20% EN CONSULTOR\u00cdA\u00a0 Obt\u00e9n 20 minutos de asesor\u00eda inicial gratis y 20% de descuento en servicio de consultor\u00eda especializada en temas como captura y uso de CO2, Blockchain, metaverso, propiedad intelectual, valoraci\u00f3n de activos intangibles. T\u00e9rminos y condiciones: *Solo para miembros de Connect. [&hellip;]<\/p>","protected":false},"author":1,"featured_media":0,"parent":0,"menu_order":0,"comment_status":"closed","ping_status":"closed","template":"elementor_canvas","meta":{"_monsterinsights_skip_tracking":false,"_monsterinsights_sitenote_active":false,"_monsterinsights_sitenote_note":"","_monsterinsights_sitenote_category":0,"footnotes":""},"tags":[],"yoast_head":"<!-- This site is optimized with the Yoast SEO plugin v14.4.1 - https:\/\/yoast.com\/wordpress\/plugins\/seo\/ -->\n<title>Beneficio Connecta con Connect ClarkeModet -<\/title>\n<meta name=\"robots\" content=\"index, follow\" \/>\n<meta name=\"googlebot\" content=\"index, follow, max-snippet:-1, max-image-preview:large, max-video-preview:-1\" \/>\n<meta name=\"bingbot\" content=\"index, follow, max-snippet:-1, max-image-preview:large, max-video-preview:-1\" \/>\n<link rel=\"canonical\" href=\"https:\/\/landing.connectbogota.org\/en\/beneficioconnectaconconnectclarkemodet\/\" \/>\n<meta property=\"og:locale\" content=\"en_US\" \/>\n<meta property=\"og:type\" content=\"article\" \/>\n<meta property=\"og:title\" content=\"Beneficio Connecta con Connect ClarkeModet -\" \/>\n<meta property=\"og:url\" content=\"https:\/\/landing.connectbogota.org\/en\/beneficioconnectaconconnectclarkemodet\/\" \/>\n<meta property=\"article:publisher\" content=\"https:\/\/www.facebook.com\/ConnectBogota\/\" \/>\n<meta property=\"article:author\" content=\"https:\/\/www.facebook.com\/ConnectBogota\" \/>\n<meta property=\"article:modified_time\" content=\"2023-09-28T21:49:15+00:00\" \/>\n<meta property=\"og:image\" content=\"https:\/\/landing.connectbogota.org\/wp-content\/uploads\/2022\/08\/Recurso-1.png\" \/>\n<meta name=\"twitter:card\" content=\"summary_large_image\" \/>\n<meta name=\"twitter:creator\" content=\"@ConnectBogota\" \/>\n<meta name=\"twitter:site\" content=\"@connectbogota\" \/>\n<script type=\"application\/ld+json\" class=\"yoast-schema-graph\">{\"@context\":\"https:\/\/schema.org\",\"@graph\":[{\"@type\":\"WebSite\",\"@id\":\"https:\/\/landing.connectbogota.org\/en\/#website\",\"url\":\"https:\/\/landing.connectbogota.org\/en\/\",\"name\":\"\",\"description\":\"\",\"potentialAction\":[{\"@type\":\"SearchAction\",\"target\":\"https:\/\/landing.connectbogota.org\/en\/?s={search_term_string}\",\"query-input\":\"required name=search_term_string\"}],\"inLanguage\":\"en-US\"},{\"@type\":\"ImageObject\",\"@id\":\"https:\/\/landing.connectbogota.org\/beneficioconnectaconconnectclarkemodet\/#primaryimage\",\"inLanguage\":\"en-US\",\"url\":\"https:\/\/landing.connectbogota.org\/wp-content\/uploads\/2022\/08\/Recurso-1.png\",\"width\":1221,\"height\":1420},{\"@type\":\"WebPage\",\"@id\":\"https:\/\/landing.connectbogota.org\/beneficioconnectaconconnectclarkemodet\/#webpage\",\"url\":\"https:\/\/landing.connectbogota.org\/beneficioconnectaconconnectclarkemodet\/\",\"name\":\"Beneficio Connecta con Connect ClarkeModet -\",\"isPartOf\":{\"@id\":\"https:\/\/landing.connectbogota.org\/en\/#website\"},\"primaryImageOfPage\":{\"@id\":\"https:\/\/landing.connectbogota.org\/beneficioconnectaconconnectclarkemodet\/#primaryimage\"},\"datePublished\":\"2022-09-30T20:15:21+00:00\",\"dateModified\":\"2023-09-28T21:49:15+00:00\",\"inLanguage\":\"en-US\",\"potentialAction\":[{\"@type\":\"ReadAction\",\"target\":[\"https:\/\/landing.connectbogota.org\/beneficioconnectaconconnectclarkemodet\/\"]}]}]}<\/script>\n<!-- \/ Yoast SEO plugin. -->","_links":{"self":[{"href":"https:\/\/landing.connectbogota.org\/en\/wp-json\/wp\/v2\/pages\/13484"}],"collection":[{"href":"https:\/\/landing.connectbogota.org\/en\/wp-json\/wp\/v2\/pages"}],"about":[{"href":"https:\/\/landing.connectbogota.org\/en\/wp-json\/wp\/v2\/types\/page"}],"author":[{"embeddable":true,"href":"https:\/\/landing.connectbogota.org\/en\/wp-json\/wp\/v2\/users\/1"}],"replies":[{"embeddable":true,"href":"https:\/\/landing.connectbogota.org\/en\/wp-json\/wp\/v2\/comments?post=13484"}],"version-history":[{"count":13,"href":"https:\/\/landing.connectbogota.org\/en\/wp-json\/wp\/v2\/pages\/13484\/revisions"}],"predecessor-version":[{"id":15844,"href":"https:\/\/landing.connectbogota.org\/en\/wp-json\/wp\/v2\/pages\/13484\/revisions\/15844"}],"wp:attachment":[{"href":"https:\/\/landing.connectbogota.org\/en\/wp-json\/wp\/v2\/media?parent=13484"}],"wp:term":[{"taxonomy":"post_tag","embeddable":true,"href":"https:\/\/landing.connectbogota.org\/en\/wp-json\/wp\/v2\/tags?post=13484"}],"curies":[{"name":"wp","href":"https:\/\/api.w.org\/{rel}","templated":true}]}}