{"id":13276,"date":"2022-09-08T23:25:52","date_gmt":"2022-09-09T04:25:52","guid":{"rendered":"https:\/\/connectbogota.org\/?page_id=13276"},"modified":"2023-09-28T16:54:08","modified_gmt":"2023-09-28T21:54:08","slug":"beneficioconnectaconconnectzfb2","status":"publish","type":"page","link":"https:\/\/landing.connectbogota.org\/en\/beneficioconnectaconconnectzfb2\/","title":{"rendered":"Beneficio Connecta con Connect ZFB2"},"content":{"rendered":"<div data-elementor-type=\"wp-page\" data-elementor-id=\"13276\" class=\"elementor elementor-13276\" data-elementor-post-type=\"page\">\n\t\t\t\t\t\t\t\t\t<section class=\"elementor-section elementor-top-section elementor-element elementor-element-42ca074 elementor-section-stretched elementor-hidden-tablet elementor-hidden-phone elementor-section-boxed elementor-section-height-default elementor-section-height-default\" data-id=\"42ca074\" data-element_type=\"section\" data-settings=\"{&quot;stretch_section&quot;:&quot;section-stretched&quot;,&quot;background_background&quot;:&quot;classic&quot;}\">\n\t\t\t\t\t\t\t<div class=\"elementor-background-overlay\"><\/div>\n\t\t\t\t\t\t\t<div class=\"elementor-container elementor-column-gap-default\">\n\t\t\t\t\t<div class=\"elementor-column elementor-col-50 elementor-top-column elementor-element elementor-element-8368433\" data-id=\"8368433\" data-element_type=\"column\">\n\t\t\t<div class=\"elementor-widget-wrap elementor-element-populated\">\n\t\t\t\t\t\t\t\t<div class=\"elementor-element elementor-element-35de9d5 elementor-widget elementor-widget-image\" data-id=\"35de9d5\" data-element_type=\"widget\" data-widget_type=\"image.default\">\n\t\t\t\t<div class=\"elementor-widget-container\">\n\t\t\t\t\t\t\t\t\t\t\t\t\t\t\t<img decoding=\"async\" loading=\"lazy\" width=\"1221\" height=\"1420\" src=\"https:\/\/landing.connectbogota.org\/wp-content\/uploads\/2022\/08\/Recurso-1.png\" class=\"attachment-full size-full wp-image-13179\" alt=\"\" srcset=\"https:\/\/landing.connectbogota.org\/wp-content\/uploads\/2022\/08\/Recurso-1.png 1221w, https:\/\/landing.connectbogota.org\/wp-content\/uploads\/2022\/08\/Recurso-1-258x300.png 258w, https:\/\/landing.connectbogota.org\/wp-content\/uploads\/2022\/08\/Recurso-1-880x1024.png 880w, https:\/\/landing.connectbogota.org\/wp-content\/uploads\/2022\/08\/Recurso-1-768x893.png 768w, https:\/\/landing.connectbogota.org\/wp-content\/uploads\/2022\/08\/Recurso-1-21x24.png 21w, https:\/\/landing.connectbogota.org\/wp-content\/uploads\/2022\/08\/Recurso-1-31x36.png 31w, https:\/\/landing.connectbogota.org\/wp-content\/uploads\/2022\/08\/Recurso-1-41x48.png 41w\" sizes=\"(max-width: 1221px) 100vw, 1221px\" \/>\t\t\t\t\t\t\t\t\t\t\t\t\t\t\t<\/div>\n\t\t\t\t<\/div>\n\t\t\t\t\t<\/div>\n\t\t<\/div>\n\t\t\t\t<div class=\"elementor-column elementor-col-50 elementor-top-column elementor-element elementor-element-8335212\" data-id=\"8335212\" data-element_type=\"column\">\n\t\t\t<div class=\"elementor-widget-wrap elementor-element-populated\">\n\t\t\t\t\t\t\t\t<div class=\"elementor-element elementor-element-31f6900 elementor-widget elementor-widget-spacer\" data-id=\"31f6900\" data-element_type=\"widget\" data-widget_type=\"spacer.default\">\n\t\t\t\t<div class=\"elementor-widget-container\">\n\t\t\t\t\t<div class=\"elementor-spacer\">\n\t\t\t<div class=\"elementor-spacer-inner\"><\/div>\n\t\t<\/div>\n\t\t\t\t<\/div>\n\t\t\t\t<\/div>\n\t\t\t\t<div class=\"elementor-element elementor-element-96f1939 elementor-widget elementor-widget-text-editor\" data-id=\"96f1939\" data-element_type=\"widget\" data-widget_type=\"text-editor.default\">\n\t\t\t\t<div class=\"elementor-widget-container\">\n\t\t\t\t\t\t\t<p>OFERTAS Y BENEFICIOS EXCLUSIVOS PARA MIEMBROS CONNECT<\/p>\t\t\t\t\t\t<\/div>\n\t\t\t\t<\/div>\n\t\t\t\t\t<\/div>\n\t\t<\/div>\n\t\t\t\t\t\t\t<\/div>\n\t\t<\/section>\n\t\t\t\t<section class=\"elementor-section elementor-top-section elementor-element elementor-element-128610a elementor-section-stretched elementor-section-boxed elementor-section-height-default elementor-section-height-default\" data-id=\"128610a\" data-element_type=\"section\" data-settings=\"{&quot;stretch_section&quot;:&quot;section-stretched&quot;}\">\n\t\t\t\t\t\t<div class=\"elementor-container elementor-column-gap-default\">\n\t\t\t\t\t<div class=\"elementor-column elementor-col-50 elementor-top-column elementor-element elementor-element-5256f92\" data-id=\"5256f92\" data-element_type=\"column\">\n\t\t\t<div class=\"elementor-widget-wrap elementor-element-populated\">\n\t\t\t\t\t\t\t\t<div class=\"elementor-element elementor-element-0cfd427 elementor-widget elementor-widget-spacer\" data-id=\"0cfd427\" data-element_type=\"widget\" data-widget_type=\"spacer.default\">\n\t\t\t\t<div class=\"elementor-widget-container\">\n\t\t\t\t\t<div class=\"elementor-spacer\">\n\t\t\t<div class=\"elementor-spacer-inner\"><\/div>\n\t\t<\/div>\n\t\t\t\t<\/div>\n\t\t\t\t<\/div>\n\t\t\t\t<div class=\"elementor-element elementor-element-46ec7e4 elementor-widget elementor-widget-image\" data-id=\"46ec7e4\" data-element_type=\"widget\" data-widget_type=\"image.default\">\n\t\t\t\t<div class=\"elementor-widget-container\">\n\t\t\t\t\t\t\t\t\t\t\t\t\t\t\t<img decoding=\"async\" loading=\"lazy\" width=\"800\" height=\"800\" src=\"https:\/\/landing.connectbogota.org\/wp-content\/uploads\/2022\/09\/alquiler-de-puestos-de-trabajp-15-1024x1024.png\" class=\"attachment-large size-large wp-image-13277\" alt=\"\" srcset=\"https:\/\/landing.connectbogota.org\/wp-content\/uploads\/2022\/09\/alquiler-de-puestos-de-trabajp-15-1024x1024.png 1024w, https:\/\/landing.connectbogota.org\/wp-content\/uploads\/2022\/09\/alquiler-de-puestos-de-trabajp-15-300x300.png 300w, https:\/\/landing.connectbogota.org\/wp-content\/uploads\/2022\/09\/alquiler-de-puestos-de-trabajp-15-150x150.png 150w, https:\/\/landing.connectbogota.org\/wp-content\/uploads\/2022\/09\/alquiler-de-puestos-de-trabajp-15-768x768.png 768w, https:\/\/landing.connectbogota.org\/wp-content\/uploads\/2022\/09\/alquiler-de-puestos-de-trabajp-15-1536x1536.png 1536w, https:\/\/landing.connectbogota.org\/wp-content\/uploads\/2022\/09\/alquiler-de-puestos-de-trabajp-15-100x100.png 100w, https:\/\/landing.connectbogota.org\/wp-content\/uploads\/2022\/09\/alquiler-de-puestos-de-trabajp-15-140x140.png 140w, https:\/\/landing.connectbogota.org\/wp-content\/uploads\/2022\/09\/alquiler-de-puestos-de-trabajp-15-500x500.png 500w, https:\/\/landing.connectbogota.org\/wp-content\/uploads\/2022\/09\/alquiler-de-puestos-de-trabajp-15-350x350.png 350w, https:\/\/landing.connectbogota.org\/wp-content\/uploads\/2022\/09\/alquiler-de-puestos-de-trabajp-15-1000x1000.png 1000w, https:\/\/landing.connectbogota.org\/wp-content\/uploads\/2022\/09\/alquiler-de-puestos-de-trabajp-15-800x800.png 800w, https:\/\/landing.connectbogota.org\/wp-content\/uploads\/2022\/09\/alquiler-de-puestos-de-trabajp-15-24x24.png 24w, https:\/\/landing.connectbogota.org\/wp-content\/uploads\/2022\/09\/alquiler-de-puestos-de-trabajp-15-36x36.png 36w, https:\/\/landing.connectbogota.org\/wp-content\/uploads\/2022\/09\/alquiler-de-puestos-de-trabajp-15-48x48.png 48w, https:\/\/landing.connectbogota.org\/wp-content\/uploads\/2022\/09\/alquiler-de-puestos-de-trabajp-15.png 1800w\" sizes=\"(max-width: 800px) 100vw, 800px\" \/>\t\t\t\t\t\t\t\t\t\t\t\t\t\t\t<\/div>\n\t\t\t\t<\/div>\n\t\t\t\t\t<\/div>\n\t\t<\/div>\n\t\t\t\t<div class=\"elementor-column elementor-col-50 elementor-top-column elementor-element elementor-element-35a684e\" data-id=\"35a684e\" data-element_type=\"column\">\n\t\t\t<div class=\"elementor-widget-wrap elementor-element-populated\">\n\t\t\t\t\t\t\t\t<div class=\"elementor-element elementor-element-d157ce9 elementor-widget elementor-widget-spacer\" data-id=\"d157ce9\" data-element_type=\"widget\" data-widget_type=\"spacer.default\">\n\t\t\t\t<div class=\"elementor-widget-container\">\n\t\t\t\t\t<div class=\"elementor-spacer\">\n\t\t\t<div class=\"elementor-spacer-inner\"><\/div>\n\t\t<\/div>\n\t\t\t\t<\/div>\n\t\t\t\t<\/div>\n\t\t\t\t<div class=\"elementor-element elementor-element-f5c2665 elementor-widget elementor-widget-image\" data-id=\"f5c2665\" data-element_type=\"widget\" data-widget_type=\"image.default\">\n\t\t\t\t<div class=\"elementor-widget-container\">\n\t\t\t\t\t\t\t\t\t\t\t\t\t\t\t<img decoding=\"async\" loading=\"lazy\" width=\"536\" height=\"328\" src=\"https:\/\/landing.connectbogota.org\/wp-content\/uploads\/2020\/07\/ZONA-FRANCA.png\" class=\"attachment-large size-large wp-image-9695\" alt=\"\" srcset=\"https:\/\/landing.connectbogota.org\/wp-content\/uploads\/2020\/07\/ZONA-FRANCA.png 536w, https:\/\/landing.connectbogota.org\/wp-content\/uploads\/2020\/07\/ZONA-FRANCA-300x184.png 300w, https:\/\/landing.connectbogota.org\/wp-content\/uploads\/2020\/07\/ZONA-FRANCA-24x15.png 24w, https:\/\/landing.connectbogota.org\/wp-content\/uploads\/2020\/07\/ZONA-FRANCA-36x22.png 36w, https:\/\/landing.connectbogota.org\/wp-content\/uploads\/2020\/07\/ZONA-FRANCA-48x29.png 48w\" sizes=\"(max-width: 536px) 100vw, 536px\" \/>\t\t\t\t\t\t\t\t\t\t\t\t\t\t\t<\/div>\n\t\t\t\t<\/div>\n\t\t\t\t<section class=\"elementor-section elementor-inner-section elementor-element elementor-element-d699863 elementor-section-boxed elementor-section-height-default elementor-section-height-default\" data-id=\"d699863\" data-element_type=\"section\">\n\t\t\t\t\t\t<div class=\"elementor-container elementor-column-gap-default\">\n\t\t\t\t\t<div class=\"elementor-column elementor-col-100 elementor-inner-column elementor-element elementor-element-59478db\" data-id=\"59478db\" data-element_type=\"column\">\n\t\t\t<div class=\"elementor-widget-wrap elementor-element-populated\">\n\t\t\t\t\t\t\t\t<div class=\"elementor-element elementor-element-1b3b3f5 elementor-widget elementor-widget-text-editor\" data-id=\"1b3b3f5\" data-element_type=\"widget\" data-widget_type=\"text-editor.default\">\n\t\t\t\t<div class=\"elementor-widget-container\">\n\t\t\t\t\t\t\t<p>-15%<\/p>\t\t\t\t\t\t<\/div>\n\t\t\t\t<\/div>\n\t\t\t\t<div class=\"elementor-element elementor-element-bd47114 elementor-widget elementor-widget-text-editor\" data-id=\"bd47114\" data-element_type=\"widget\" data-widget_type=\"text-editor.default\">\n\t\t\t\t<div class=\"elementor-widget-container\">\n\t\t\t\t\t\t\t<p>EN ALQUILER DE OFICINAS<\/p>\t\t\t\t\t\t<\/div>\n\t\t\t\t<\/div>\n\t\t\t\t\t<\/div>\n\t\t<\/div>\n\t\t\t\t\t\t\t<\/div>\n\t\t<\/section>\n\t\t\t\t<div class=\"elementor-element elementor-element-1d453f2 elementor-widget elementor-widget-text-editor\" data-id=\"1d453f2\" data-element_type=\"widget\" data-widget_type=\"text-editor.default\">\n\t\t\t\t<div class=\"elementor-widget-container\">\n\t\t\t\t\t\t\t<p>Obt\u00e9n 15% de descuento en alquiler de puestos de trabajo en instalaciones listas para operar.<\/p>\t\t\t\t\t\t<\/div>\n\t\t\t\t<\/div>\n\t\t\t\t<div class=\"elementor-element elementor-element-532d6b9 elementor-widget elementor-widget-text-editor\" data-id=\"532d6b9\" data-element_type=\"widget\" data-widget_type=\"text-editor.default\">\n\t\t\t\t<div class=\"elementor-widget-container\">\n\t\t\t\t\t\t\t<p><strong>T\u00e9rminos y condiciones:<\/strong><\/p><p>*Solo para miembros de Connect.<\/p><p>*V\u00e1lido hasta el 31 de diciembre del 2022.<\/p><p>*Cupos ilimitados.<\/p><p>*Dirigido a empresas de todos los sectores econ\u00f3micos con vocaci\u00f3n exportadora.<\/p><p><strong>Contacto:<\/strong> Alexander Segura &#8211; asegura@grupozfb.com<\/p>\t\t\t\t\t\t<\/div>\n\t\t\t\t<\/div>\n\t\t\t\t<div class=\"elementor-element elementor-element-2b05725 elementor-widget elementor-widget-text-editor\" data-id=\"2b05725\" data-element_type=\"widget\" data-widget_type=\"text-editor.default\">\n\t\t\t\t<div class=\"elementor-widget-container\">\n\t\t\t\t\t\t\t<p>M\u00e1s informaci\u00f3n sobre ZFB: <span style=\"color: #f7a600;\"><a style=\"color: #f7a600;\" href=\"https:\/\/grupozfb.com\/grupo-zfb\/nuestras-empresas\/\">https:\/\/grupozfb.com\/grupo-zfb\/nuestras-empresas\/<\/a><\/span><\/p>\t\t\t\t\t\t<\/div>\n\t\t\t\t<\/div>\n\t\t\t\t<div class=\"elementor-element elementor-element-2d0c304 elementor-align-center elementor-widget elementor-widget-button\" data-id=\"2d0c304\" data-element_type=\"widget\" data-widget_type=\"button.default\">\n\t\t\t\t<div class=\"elementor-widget-container\">\n\t\t\t\t\t<div class=\"elementor-button-wrapper\">\n\t\t\t<a class=\"elementor-button elementor-button-link elementor-size-sm\" href=\"mailto:asegura@grupozfb.com?cc=vvelasco@connectbogota.org&#038;subject=Me%20interesa%20el%20beneficio%20de%20ZFB%20para%20miembros%20de%20Connect&#038;body=Hola%20Alexander.%20%0A%0ASoy%20(NOMBRE)%2C%20(CARGO)%20de%20(EMPRESA)%20y%20me%20interesa%20acceder%20al%20beneficio%20de%2015%25%20de%20descuento%20en%20el%20alquiler%20de%20puestos%20de%20trabajo%20en%20instalaciones%20listas%20para%20operar%20en%20Zona%20Franca%20de%20Bogot%C3%A1%0A%0ACu%C3%A9ntame%20c%C3%B3mo%20proceder%20para%20hacerlo%20efectivo.%20\">\n\t\t\t\t\t\t<span class=\"elementor-button-content-wrapper\">\n\t\t\t\t\t\t<span class=\"elementor-button-text\">Quiero acceder a este beneficio<\/span>\n\t\t<\/span>\n\t\t\t\t\t<\/a>\n\t\t<\/div>\n\t\t\t\t<\/div>\n\t\t\t\t<\/div>\n\t\t\t\t\t<\/div>\n\t\t<\/div>\n\t\t\t\t\t\t\t<\/div>\n\t\t<\/section>\n\t\t\t\t\t\t\t<\/div>","protected":false},"excerpt":{"rendered":"<p>OFERTAS Y BENEFICIOS EXCLUSIVOS PARA MIEMBROS CONNECT -15% EN ALQUILER DE OFICINAS Obt\u00e9n 15% de descuento en alquiler de puestos de trabajo en instalaciones listas para operar. T\u00e9rminos y condiciones: *Solo para miembros de Connect. *V\u00e1lido hasta el 31 de diciembre del 2022. *Cupos ilimitados. *Dirigido a empresas de todos los sectores econ\u00f3micos con vocaci\u00f3n [&hellip;]<\/p>","protected":false},"author":1,"featured_media":0,"parent":0,"menu_order":0,"comment_status":"closed","ping_status":"closed","template":"elementor_canvas","meta":{"_monsterinsights_skip_tracking":false,"_monsterinsights_sitenote_active":false,"_monsterinsights_sitenote_note":"","_monsterinsights_sitenote_category":0,"footnotes":""},"tags":[],"yoast_head":"<!-- This site is optimized with the Yoast SEO plugin v14.4.1 - https:\/\/yoast.com\/wordpress\/plugins\/seo\/ -->\n<title>Beneficio Connecta con Connect ZFB2 -<\/title>\n<meta name=\"robots\" content=\"index, follow\" \/>\n<meta name=\"googlebot\" content=\"index, follow, max-snippet:-1, max-image-preview:large, max-video-preview:-1\" \/>\n<meta name=\"bingbot\" content=\"index, follow, max-snippet:-1, max-image-preview:large, max-video-preview:-1\" \/>\n<link rel=\"canonical\" href=\"https:\/\/landing.connectbogota.org\/en\/beneficioconnectaconconnectzfb2\/\" \/>\n<meta property=\"og:locale\" content=\"en_US\" \/>\n<meta property=\"og:type\" content=\"article\" \/>\n<meta property=\"og:title\" content=\"Beneficio Connecta con Connect ZFB2 -\" \/>\n<meta property=\"og:url\" content=\"https:\/\/landing.connectbogota.org\/en\/beneficioconnectaconconnectzfb2\/\" \/>\n<meta property=\"article:publisher\" content=\"https:\/\/www.facebook.com\/ConnectBogota\/\" \/>\n<meta property=\"article:author\" content=\"https:\/\/www.facebook.com\/ConnectBogota\" \/>\n<meta property=\"article:modified_time\" content=\"2023-09-28T21:54:08+00:00\" \/>\n<meta property=\"og:image\" content=\"https:\/\/landing.connectbogota.org\/wp-content\/uploads\/2022\/08\/Recurso-1.png\" \/>\n<meta name=\"twitter:card\" content=\"summary_large_image\" \/>\n<meta name=\"twitter:creator\" content=\"@ConnectBogota\" \/>\n<meta name=\"twitter:site\" content=\"@connectbogota\" \/>\n<script type=\"application\/ld+json\" class=\"yoast-schema-graph\">{\"@context\":\"https:\/\/schema.org\",\"@graph\":[{\"@type\":\"WebSite\",\"@id\":\"https:\/\/landing.connectbogota.org\/en\/#website\",\"url\":\"https:\/\/landing.connectbogota.org\/en\/\",\"name\":\"\",\"description\":\"\",\"potentialAction\":[{\"@type\":\"SearchAction\",\"target\":\"https:\/\/landing.connectbogota.org\/en\/?s={search_term_string}\",\"query-input\":\"required name=search_term_string\"}],\"inLanguage\":\"en-US\"},{\"@type\":\"ImageObject\",\"@id\":\"https:\/\/landing.connectbogota.org\/beneficioconnectaconconnectzfb2\/#primaryimage\",\"inLanguage\":\"en-US\",\"url\":\"https:\/\/landing.connectbogota.org\/wp-content\/uploads\/2022\/08\/Recurso-1.png\",\"width\":1221,\"height\":1420},{\"@type\":\"WebPage\",\"@id\":\"https:\/\/landing.connectbogota.org\/beneficioconnectaconconnectzfb2\/#webpage\",\"url\":\"https:\/\/landing.connectbogota.org\/beneficioconnectaconconnectzfb2\/\",\"name\":\"Beneficio Connecta con Connect ZFB2 -\",\"isPartOf\":{\"@id\":\"https:\/\/landing.connectbogota.org\/en\/#website\"},\"primaryImageOfPage\":{\"@id\":\"https:\/\/landing.connectbogota.org\/beneficioconnectaconconnectzfb2\/#primaryimage\"},\"datePublished\":\"2022-09-09T04:25:52+00:00\",\"dateModified\":\"2023-09-28T21:54:08+00:00\",\"inLanguage\":\"en-US\",\"potentialAction\":[{\"@type\":\"ReadAction\",\"target\":[\"https:\/\/landing.connectbogota.org\/beneficioconnectaconconnectzfb2\/\"]}]}]}<\/script>\n<!-- \/ Yoast SEO plugin. -->","_links":{"self":[{"href":"https:\/\/landing.connectbogota.org\/en\/wp-json\/wp\/v2\/pages\/13276"}],"collection":[{"href":"https:\/\/landing.connectbogota.org\/en\/wp-json\/wp\/v2\/pages"}],"about":[{"href":"https:\/\/landing.connectbogota.org\/en\/wp-json\/wp\/v2\/types\/page"}],"author":[{"embeddable":true,"href":"https:\/\/landing.connectbogota.org\/en\/wp-json\/wp\/v2\/users\/1"}],"replies":[{"embeddable":true,"href":"https:\/\/landing.connectbogota.org\/en\/wp-json\/wp\/v2\/comments?post=13276"}],"version-history":[{"count":15,"href":"https:\/\/landing.connectbogota.org\/en\/wp-json\/wp\/v2\/pages\/13276\/revisions"}],"predecessor-version":[{"id":15893,"href":"https:\/\/landing.connectbogota.org\/en\/wp-json\/wp\/v2\/pages\/13276\/revisions\/15893"}],"wp:attachment":[{"href":"https:\/\/landing.connectbogota.org\/en\/wp-json\/wp\/v2\/media?parent=13276"}],"wp:term":[{"taxonomy":"post_tag","embeddable":true,"href":"https:\/\/landing.connectbogota.org\/en\/wp-json\/wp\/v2\/tags?post=13276"}],"curies":[{"name":"wp","href":"https:\/\/api.w.org\/{rel}","templated":true}]}}